{"id":2957,"date":"2025-11-12T21:21:19","date_gmt":"2025-11-12T13:21:19","guid":{"rendered":"https:\/\/whjbearing.com\/?post_type=product&#038;p=2957"},"modified":"2025-11-17T11:41:58","modified_gmt":"2025-11-17T03:41:58","slug":"press-down-thrust-tapered-roller-bearing","status":"publish","type":"product","link":"https:\/\/whjbearing.com\/es\/product\/press-down-thrust-tapered-roller-bearing\/","title":{"rendered":"Rodamiento axial de rodillos c\u00f3nicos a presi\u00f3n"},"content":{"rendered":"<table width=\"1095\">\n<tbody>\n<tr>\n<td colspan=\"10\" width=\"660\">(mm)<\/td>\n<td colspan=\"2\" width=\"171\">(kN)<\/td>\n<td colspan=\"3\" width=\"189\"><\/td>\n<td colspan=\"2\" width=\"75\">(kg)<\/td>\n<\/tr>\n<tr>\n<td colspan=\"10\">Dimensiones l\u00edmite<\/td>\n<td colspan=\"2\">Capacidades de carga b\u00e1sicas<\/td>\n<td colspan=\"3\">C\u00f3digo del rodamiento<\/td>\n<td colspan=\"2\">Masa<\/td>\n<\/tr>\n<tr>\n<td>D<\/td>\n<td>D1<\/td>\n<td>d1<\/td>\n<td>T<\/td>\n<td>T1<\/td>\n<td colspan=\"2\">SR<\/td>\n<td>rsmin<\/td>\n<td>M1<\/td>\n<td width=\"66\">M2(d)<\/td>\n<td width=\"19\"><\/td>\n<td>Coa<\/td>\n<td><\/td>\n<td><\/td>\n<td><\/td>\n<td colspan=\"2\"><\/td>\n<\/tr>\n<tr>\n<td><\/td>\n<td><\/td>\n<td><\/td>\n<td><\/td>\n<td><\/td>\n<td>TTSV\u578b<\/td>\n<td>TTSX\u578b<\/td>\n<td><\/td>\n<td><\/td>\n<td width=\"66\"><\/td>\n<td width=\"19\"><\/td>\n<td><\/td>\n<td><\/td>\n<td>TTSV\u578b<\/td>\n<td>TTSX\u578b<\/td>\n<td colspan=\"2\">Refi\u00e9rete.<\/td>\n<\/tr>\n<tr>\n<td><\/td>\n<td><\/td>\n<td><\/td>\n<td><\/td>\n<td><\/td>\n<td><\/td>\n<td><\/td>\n<td><\/td>\n<td><\/td>\n<td width=\"66\"><\/td>\n<td width=\"19\"><\/td>\n<td><\/td>\n<td><\/td>\n<td><\/td>\n<td><\/td>\n<td><\/td>\n<td><\/td>\n<\/tr>\n<tr>\n<td>150<\/td>\n<td>148<\/td>\n<td>127<\/td>\n<td>48<\/td>\n<td><\/td>\n<td>228.6<\/td>\n<td><\/td>\n<td>1.5<\/td>\n<td>M12<\/td>\n<td>20<\/td>\n<td><\/td>\n<td>2320<\/td>\n<td><\/td>\n<td>TTSV150<\/td>\n<td><\/td>\n<td><\/td>\n<td>5.47<\/td>\n<\/tr>\n<tr>\n<td><\/td>\n<td>148<\/td>\n<td>127<\/td>\n<td>48<\/td>\n<td>55<\/td>\n<td><\/td>\n<td>457.2<\/td>\n<td>1.5<\/td>\n<td>M12<\/td>\n<td>20<\/td>\n<td><\/td>\n<td>2320<\/td>\n<td><\/td>\n<td><\/td>\n<td>TTSX150<\/td>\n<td><\/td>\n<td>6.3<\/td>\n<\/tr>\n<tr>\n<td><\/td>\n<td><\/td>\n<td><\/td>\n<td><\/td>\n<td><\/td>\n<td><\/td>\n<td><\/td>\n<td><\/td>\n<td><\/td>\n<td><\/td>\n<td><\/td>\n<td><\/td>\n<td><\/td>\n<td><\/td>\n<td><\/td>\n<td><\/td>\n<td><\/td>\n<\/tr>\n<tr>\n<td>175<\/td>\n<td>173<\/td>\n<td>152<\/td>\n<td>53<\/td>\n<td><\/td>\n<td>228.6<\/td>\n<td><\/td>\n<td>1.5<\/td>\n<td>M12<\/td>\n<td>20<\/td>\n<td><\/td>\n<td>3200<\/td>\n<td><\/td>\n<td>TTSV175<\/td>\n<td><\/td>\n<td><\/td>\n<td>7.92<\/td>\n<\/tr>\n<tr>\n<td><\/td>\n<td>173<\/td>\n<td>152<\/td>\n<td>53<\/td>\n<td>62<\/td>\n<td><\/td>\n<td>457.2<\/td>\n<td>1.5<\/td>\n<td>M12<\/td>\n<td>20<\/td>\n<td><\/td>\n<td>3200<\/td>\n<td><\/td>\n<td><\/td>\n<td>TTSX175<\/td>\n<td><\/td>\n<td>9.6<\/td>\n<\/tr>\n<tr>\n<td><\/td>\n<td><\/td>\n<td><\/td>\n<td><\/td>\n<td><\/td>\n<td><\/td>\n<td><\/td>\n<td><\/td>\n<td><\/td>\n<td><\/td>\n<td><\/td>\n<td><\/td>\n<td><\/td>\n<td><\/td>\n<td><\/td>\n<td><\/td>\n<td><\/td>\n<\/tr>\n<tr>\n<td>205<\/td>\n<td>203<\/td>\n<td>178<\/td>\n<td>65<\/td>\n<td><\/td>\n<td>254<\/td>\n<td><\/td>\n<td>1.5<\/td>\n<td>M20<\/td>\n<td>26<\/td>\n<td><\/td>\n<td>4550<\/td>\n<td><\/td>\n<td>TTSV205<\/td>\n<td><\/td>\n<td><\/td>\n<td>14.3<\/td>\n<\/tr>\n<tr>\n<td><\/td>\n<td>203<\/td>\n<td>178<\/td>\n<td>65<\/td>\n<td>76<\/td>\n<td><\/td>\n<td>508<\/td>\n<td>1.5<\/td>\n<td>M20<\/td>\n<td>26<\/td>\n<td><\/td>\n<td>4550<\/td>\n<td><\/td>\n<td><\/td>\n<td>TTSX205<\/td>\n<td><\/td>\n<td>16.2<\/td>\n<\/tr>\n<tr>\n<td><\/td>\n<td><\/td>\n<td><\/td>\n<td><\/td>\n<td><\/td>\n<td><\/td>\n<td><\/td>\n<td><\/td>\n<td><\/td>\n<td><\/td>\n<td><\/td>\n<td><\/td>\n<td><\/td>\n<td><\/td>\n<td><\/td>\n<td><\/td>\n<td><\/td>\n<\/tr>\n<tr>\n<td>265<\/td>\n<td>263<\/td>\n<td>229<\/td>\n<td>81<\/td>\n<td><\/td>\n<td>304.8<\/td>\n<td><\/td>\n<td>1.5<\/td>\n<td>M20<\/td>\n<td>26<\/td>\n<td><\/td>\n<td>7700<\/td>\n<td><\/td>\n<td>TTSV265<\/td>\n<td><\/td>\n<td><\/td>\n<td>33.6<\/td>\n<\/tr>\n<tr>\n<td><\/td>\n<td>263<\/td>\n<td>229<\/td>\n<td>81<\/td>\n<td>95<\/td>\n<td><\/td>\n<td>609<\/td>\n<td>1.5<\/td>\n<td>M20<\/td>\n<td>26<\/td>\n<td><\/td>\n<td>7700<\/td>\n<td><\/td>\n<td><\/td>\n<td>TTSX265<\/td>\n<td><\/td>\n<td>35.5<\/td>\n<\/tr>\n<tr>\n<td><\/td>\n<td><\/td>\n<td><\/td>\n<td><\/td>\n<td><\/td>\n<td><\/td>\n<td><\/td>\n<td><\/td>\n<td><\/td>\n<td><\/td>\n<td><\/td>\n<td><\/td>\n<td><\/td>\n<td><\/td>\n<td><\/td>\n<td><\/td>\n<td><\/td>\n<\/tr>\n<tr>\n<td>320<\/td>\n<td>318<\/td>\n<td>280<\/td>\n<td>95<\/td>\n<td><\/td>\n<td>380<\/td>\n<td><\/td>\n<td>1.5<\/td>\n<td>M24<\/td>\n<td>M30<\/td>\n<td><\/td>\n<td>11460<\/td>\n<td><\/td>\n<td>TTSV320<\/td>\n<td><\/td>\n<td><\/td>\n<td>42.5<\/td>\n<\/tr>\n<tr>\n<td><\/td>\n<td>318<\/td>\n<td>280<\/td>\n<td>95<\/td>\n<td>112<\/td>\n<td><\/td>\n<td>762<\/td>\n<td>1.5<\/td>\n<td>M24<\/td>\n<td>M30<\/td>\n<td><\/td>\n<td>11460<\/td>\n<td><\/td>\n<td><\/td>\n<td>TTSX320<\/td>\n<td><\/td>\n<td>58.9<\/td>\n<\/tr>\n<tr>\n<td><\/td>\n<td><\/td>\n<td><\/td>\n<td><\/td>\n<td><\/td>\n<td><\/td>\n<td><\/td>\n<td><\/td>\n<td><\/td>\n<td><\/td>\n<td><\/td>\n<td><\/td>\n<td><\/td>\n<td><\/td>\n<td><\/td>\n<td><\/td>\n<td><\/td>\n<\/tr>\n<tr>\n<td>380<\/td>\n<td>378<\/td>\n<td>330<\/td>\n<td>112<\/td>\n<td><\/td>\n<td>457.2<\/td>\n<td><\/td>\n<td>1.5<\/td>\n<td>M24<\/td>\n<td>M30<\/td>\n<td><\/td>\n<td>17100<\/td>\n<td><\/td>\n<td>TTSV380<\/td>\n<td><\/td>\n<td><\/td>\n<td>96<\/td>\n<\/tr>\n<tr>\n<td><\/td>\n<td>378<\/td>\n<td>330<\/td>\n<td>112<\/td>\n<td>129<\/td>\n<td><\/td>\n<td>914.4<\/td>\n<td>1.5<\/td>\n<td>M24<\/td>\n<td>M30<\/td>\n<td><\/td>\n<td>17100<\/td>\n<td><\/td>\n<td><\/td>\n<td>TTSX380<\/td>\n<td><\/td>\n<td>116<\/td>\n<\/tr>\n<tr>\n<td><\/td>\n<td><\/td>\n<td><\/td>\n<td><\/td>\n<td><\/td>\n<td><\/td>\n<td><\/td>\n<td><\/td>\n<td><\/td>\n<td><\/td>\n<td><\/td>\n<td><\/td>\n<td><\/td>\n<td><\/td>\n<td><\/td>\n<td><\/td>\n<td><\/td>\n<\/tr>\n<tr>\n<td>410<\/td>\n<td>408<\/td>\n<td>355<\/td>\n<td>122<\/td>\n<td><\/td>\n<td>508<\/td>\n<td><\/td>\n<td>3<\/td>\n<td>M24<\/td>\n<td>M30<\/td>\n<td><\/td>\n<td>20000<\/td>\n<td><\/td>\n<td>TTSV410<\/td>\n<td><\/td>\n<td><\/td>\n<td>125<\/td>\n<\/tr>\n<tr>\n<td><\/td>\n<td>408<\/td>\n<td>355<\/td>\n<td>122<\/td>\n<td>142<\/td>\n<td><\/td>\n<td>1016<\/td>\n<td>3<\/td>\n<td>M24<\/td>\n<td>M30<\/td>\n<td><\/td>\n<td>20000<\/td>\n<td><\/td>\n<td><\/td>\n<td>TTSX410<\/td>\n<td><\/td>\n<td>155<\/td>\n<\/tr>\n<tr>\n<td><\/td>\n<td><\/td>\n<td><\/td>\n<td><\/td>\n<td><\/td>\n<td><\/td>\n<td><\/td>\n<td><\/td>\n<td><\/td>\n<td><\/td>\n<td><\/td>\n<td><\/td>\n<td><\/td>\n<td><\/td>\n<td><\/td>\n<td><\/td>\n<td><\/td>\n<\/tr>\n<tr>\n<td>440<\/td>\n<td>438<\/td>\n<td>380<\/td>\n<td>130<\/td>\n<td><\/td>\n<td>508<\/td>\n<td><\/td>\n<td>3<\/td>\n<td>M24<\/td>\n<td>M36<\/td>\n<td><\/td>\n<td>23000<\/td>\n<td><\/td>\n<td>TTSV440<\/td>\n<td><\/td>\n<td><\/td>\n<td>170<\/td>\n<\/tr>\n<tr>\n<td><\/td>\n<td>438<\/td>\n<td>380<\/td>\n<td>130<\/td>\n<td>152<\/td>\n<td><\/td>\n<td>1016<\/td>\n<td>3<\/td>\n<td>M24<\/td>\n<td>M36<\/td>\n<td><\/td>\n<td>23000<\/td>\n<td><\/td>\n<td><\/td>\n<td>TTSX440<\/td>\n<td><\/td>\n<td>191<\/td>\n<\/tr>\n<tr>\n<td><\/td>\n<td><\/td>\n<td><\/td>\n<td><\/td>\n<td><\/td>\n<td><\/td>\n<td><\/td>\n<td><\/td>\n<td><\/td>\n<td><\/td>\n<td><\/td>\n<td><\/td>\n<td><\/td>\n<td><\/td>\n<td><\/td>\n<td><\/td>\n<td><\/td>\n<\/tr>\n<tr>\n<td>495<\/td>\n<td>492<\/td>\n<td>432<\/td>\n<td>146<\/td>\n<td><\/td>\n<td>558.8<\/td>\n<td><\/td>\n<td>3<\/td>\n<td>M24<\/td>\n<td>M36<\/td>\n<td><\/td>\n<td>30000<\/td>\n<td><\/td>\n<td>TTSV495<\/td>\n<td><\/td>\n<td><\/td>\n<td>205<\/td>\n<\/tr>\n<tr>\n<td><\/td>\n<td>492<\/td>\n<td>432<\/td>\n<td>146<\/td>\n<td>172<\/td>\n<td><\/td>\n<td>1066.8<\/td>\n<td>3<\/td>\n<td>M24<\/td>\n<td>M36<\/td>\n<td><\/td>\n<td>30000<\/td>\n<td><\/td>\n<td><\/td>\n<td>TTSX495<\/td>\n<td><\/td>\n<td>229<\/td>\n<\/tr>\n<tr>\n<td><\/td>\n<td><\/td>\n<td><\/td>\n<td><\/td>\n<td><\/td>\n<td><\/td>\n<td><\/td>\n<td><\/td>\n<td><\/td>\n<td><\/td>\n<td><\/td>\n<td><\/td>\n<td><\/td>\n<td><\/td>\n<td><\/td>\n<td><\/td>\n<td><\/td>\n<\/tr>\n<tr>\n<td>508<\/td>\n<td>504.825<\/td>\n<td>440<\/td>\n<td><\/td>\n<td>177.419<\/td>\n<td><\/td>\n<td>1143<\/td>\n<td>2.5<\/td>\n<td>M24<\/td>\n<td>M36<\/td>\n<td><\/td>\n<td>31000<\/td>\n<td><\/td>\n<td><\/td>\n<td>TTSX508<\/td>\n<td><\/td>\n<td>225<\/td>\n<\/tr>\n<tr>\n<td><\/td>\n<td><\/td>\n<td><\/td>\n<td><\/td>\n<td><\/td>\n<td><\/td>\n<td><\/td>\n<td><\/td>\n<td><\/td>\n<td><\/td>\n<td><\/td>\n<td><\/td>\n<td><\/td>\n<td><\/td>\n<td><\/td>\n<td><\/td>\n<td><\/td>\n<\/tr>\n<tr>\n<td>525<\/td>\n<td>522<\/td>\n<td>460<\/td>\n<td>155<\/td>\n<td><\/td>\n<td>635<\/td>\n<td><\/td>\n<td>3<\/td>\n<td>M24<\/td>\n<td>M36<\/td>\n<td><\/td>\n<td>35800<\/td>\n<td><\/td>\n<td>TTSV525<\/td>\n<td><\/td>\n<td><\/td>\n<td>203<\/td>\n<\/tr>\n<tr>\n<td><\/td>\n<td>522<\/td>\n<td>460<\/td>\n<td>155<\/td>\n<td>180<\/td>\n<td><\/td>\n<td>1270<\/td>\n<td>3<\/td>\n<td>M24<\/td>\n<td>M36<\/td>\n<td><\/td>\n<td>35800<\/td>\n<td><\/td>\n<td><\/td>\n<td>TTSX525<\/td>\n<td><\/td>\n<td>248<\/td>\n<\/tr>\n<tr>\n<td><\/td>\n<td><\/td>\n<td><\/td>\n<td><\/td>\n<td><\/td>\n<td><\/td>\n<td><\/td>\n<td><\/td>\n<td><\/td>\n<td><\/td>\n<td><\/td>\n<td><\/td>\n<td><\/td>\n<td><\/td>\n<td><\/td>\n<td><\/td>\n<td><\/td>\n<\/tr>\n<tr>\n<td>554<\/td>\n<td>555<\/td>\n<td>414<\/td>\n<td>190.5<\/td>\n<td><\/td>\n<td>1270<\/td>\n<td><\/td>\n<td>3<\/td>\n<td>M24<\/td>\n<td>M42<\/td>\n<td><\/td>\n<td>37500<\/td>\n<td><\/td>\n<td>TTSV554<\/td>\n<td><\/td>\n<td><\/td>\n<td>312<\/td>\n<\/tr>\n<tr>\n<td><\/td>\n<td>555<\/td>\n<td>465.4<\/td>\n<td>190.5<\/td>\n<td><\/td>\n<td>1270<\/td>\n<td><\/td>\n<td>3<\/td>\n<td>M24<\/td>\n<td>M42<\/td>\n<td><\/td>\n<td>37500<\/td>\n<td><\/td>\n<td>TTSV554A<\/td>\n<td><\/td>\n<td><\/td>\n<td>312<\/td>\n<\/tr>\n<tr>\n<td><\/td>\n<td><\/td>\n<td><\/td>\n<td><\/td>\n<td><\/td>\n<td><\/td>\n<td><\/td>\n<td><\/td>\n<td><\/td>\n<td><\/td>\n<td><\/td>\n<td><\/td>\n<td><\/td>\n<td><\/td>\n<td><\/td>\n<td><\/td>\n<td><\/td>\n<\/tr>\n<tr>\n<td>555<\/td>\n<td>552<\/td>\n<td>482<\/td>\n<td>165<\/td>\n<td><\/td>\n<td>635<\/td>\n<td><\/td>\n<td>3<\/td>\n<td>M24<\/td>\n<td>M36<\/td>\n<td><\/td>\n<td>37500<\/td>\n<td><\/td>\n<td>TTSV555<\/td>\n<td><\/td>\n<td><\/td>\n<td>300<\/td>\n<\/tr>\n<tr>\n<td><\/td>\n<td>552<\/td>\n<td>482<\/td>\n<td>165<\/td>\n<td>192<\/td>\n<td><\/td>\n<td>1270<\/td>\n<td>3<\/td>\n<td>M24<\/td>\n<td>M36<\/td>\n<td><\/td>\n<td>37500<\/td>\n<td><\/td>\n<td><\/td>\n<td>TTSX555<\/td>\n<td><\/td>\n<td>345<\/td>\n<\/tr>\n<tr>\n<td><\/td>\n<td><\/td>\n<td><\/td>\n<td><\/td>\n<td><\/td>\n<td><\/td>\n<td><\/td>\n<td><\/td>\n<td><\/td>\n<td><\/td>\n<td><\/td>\n<td><\/td>\n<td><\/td>\n<td><\/td>\n<td><\/td>\n<td><\/td>\n<td><\/td>\n<\/tr>\n<tr>\n<td>580<\/td>\n<td>577<\/td>\n<td>510<\/td>\n<td>165<\/td>\n<td><\/td>\n<td>710<\/td>\n<td><\/td>\n<td>3<\/td>\n<td>M24<\/td>\n<td>M42<\/td>\n<td><\/td>\n<td>38500<\/td>\n<td><\/td>\n<td>TTSV580<\/td>\n<td><\/td>\n<td><\/td>\n<td>240<\/td>\n<\/tr>\n<tr>\n<td><\/td>\n<td>577<\/td>\n<td>510<\/td>\n<td>165<\/td>\n<td>195<\/td>\n<td><\/td>\n<td>1422.4<\/td>\n<td>3<\/td>\n<td>M24<\/td>\n<td>M42<\/td>\n<td><\/td>\n<td>38500<\/td>\n<td><\/td>\n<td><\/td>\n<td>TTSX580<\/td>\n<td><\/td>\n<td>305<\/td>\n<\/tr>\n<tr>\n<td><\/td>\n<td><\/td>\n<td><\/td>\n<td><\/td>\n<td><\/td>\n<td><\/td>\n<td><\/td>\n<td><\/td>\n<td><\/td>\n<td><\/td>\n<td><\/td>\n<td><\/td>\n<td><\/td>\n<td><\/td>\n<td><\/td>\n<td><\/td>\n<td><\/td>\n<\/tr>\n<tr>\n<td>610<\/td>\n<td>607<\/td>\n<td>533<\/td>\n<td>178<\/td>\n<td><\/td>\n<td>762<\/td>\n<td><\/td>\n<td>3<\/td>\n<td>M30<\/td>\n<td>M42<\/td>\n<td><\/td>\n<td>44500<\/td>\n<td><\/td>\n<td>TTSV610<\/td>\n<td><\/td>\n<td><\/td>\n<td>400<\/td>\n<\/tr>\n<tr>\n<td><\/td>\n<td>607<\/td>\n<td>533<\/td>\n<td>178<\/td>\n<td>205<\/td>\n<td><\/td>\n<td>1524<\/td>\n<td>3<\/td>\n<td>M30<\/td>\n<td>M42<\/td>\n<td><\/td>\n<td>44500<\/td>\n<td><\/td>\n<td><\/td>\n<td>TTSX610<\/td>\n<td><\/td>\n<td>443<\/td>\n<\/tr>\n<tr>\n<td><\/td>\n<td><\/td>\n<td><\/td>\n<td><\/td>\n<td><\/td>\n<td><\/td>\n<td><\/td>\n<td><\/td>\n<td><\/td>\n<td><\/td>\n<td><\/td>\n<td><\/td>\n<td><\/td>\n<td><\/td>\n<td><\/td>\n<td><\/td>\n<td><\/td>\n<\/tr>\n<tr>\n<td>640<\/td>\n<td>637<\/td>\n<td>550<\/td>\n<td>185<\/td>\n<td><\/td>\n<td>762<\/td>\n<td><\/td>\n<td>3<\/td>\n<td>M30<\/td>\n<td>M42<\/td>\n<td><\/td>\n<td>47500<\/td>\n<td><\/td>\n<td>TTSV640<\/td>\n<td><\/td>\n<td><\/td>\n<td>410<\/td>\n<\/tr>\n<tr>\n<td><\/td>\n<td>637<\/td>\n<td>550<\/td>\n<td>185<\/td>\n<td>214.8<\/td>\n<td><\/td>\n<td>1524<\/td>\n<td>3<\/td>\n<td>M30<\/td>\n<td>M43<\/td>\n<td><\/td>\n<td>47500<\/td>\n<td><\/td>\n<td><\/td>\n<td>TTSX640<\/td>\n<td><\/td>\n<td>440<\/td>\n<\/tr>\n<tr>\n<td><\/td>\n<td><\/td>\n<td><\/td>\n<td><\/td>\n<td><\/td>\n<td><\/td>\n<td><\/td>\n<td><\/td>\n<td><\/td>\n<td><\/td>\n<td><\/td>\n<td><\/td>\n<td><\/td>\n<td><\/td>\n<td><\/td>\n<td><\/td>\n<td><\/td>\n<\/tr>\n<tr>\n<td>710<\/td>\n<td>705<\/td>\n<td>610<\/td>\n<td>235<\/td>\n<td>250<\/td>\n<td><\/td>\n<td>1600<\/td>\n<td>4<\/td>\n<td>M30<\/td>\n<td>M42<\/td>\n<td><\/td>\n<td>62500<\/td>\n<td><\/td>\n<td><\/td>\n<td>TTSX710<\/td>\n<td><\/td>\n<td>697<\/td>\n<\/tr>\n<tr>\n<td><\/td>\n<td><\/td>\n<td><\/td>\n<td><\/td>\n<td><\/td>\n<td><\/td>\n<td><\/td>\n<td><\/td>\n<td><\/td>\n<td><\/td>\n<td><\/td>\n<td><\/td>\n<td><\/td>\n<td><\/td>\n<td><\/td>\n<td><\/td>\n<td><\/td>\n<\/tr>\n<tr>\n<td>750<\/td>\n<td>745<\/td>\n<td>650<\/td>\n<td>240<\/td>\n<td>260<\/td>\n<td><\/td>\n<td>1600<\/td>\n<td>4<\/td>\n<td>M30<\/td>\n<td>M48<\/td>\n<td><\/td>\n<td>63400<\/td>\n<td><\/td>\n<td><\/td>\n<td>TTSX750<\/td>\n<td><\/td>\n<td>740<\/td>\n<\/tr>\n<tr>\n<td><\/td>\n<td><\/td>\n<td><\/td>\n<td><\/td>\n<td><\/td>\n<td><\/td>\n<td><\/td>\n<td><\/td>\n<td><\/td>\n<td><\/td>\n<td><\/td>\n<td><\/td>\n<td><\/td>\n<td><\/td>\n<td><\/td>\n<td><\/td>\n<td><\/td>\n<\/tr>\n<tr>\n<td>800<\/td>\n<td>800<\/td>\n<td>700<\/td>\n<td>206<\/td>\n<td>250<\/td>\n<td><\/td>\n<td>1524<\/td>\n<td>7<\/td>\n<td>M36<\/td>\n<td>M48<\/td>\n<td><\/td>\n<td>71500<\/td>\n<td><\/td>\n<td><\/td>\n<td>TTSX800<\/td>\n<td><\/td>\n<td>857<\/td>\n<\/tr>\n<tr>\n<td><\/td>\n<td><\/td>\n<td><\/td>\n<td><\/td>\n<td><\/td>\n<td><\/td>\n<td><\/td>\n<td><\/td>\n<td><\/td>\n<td><\/td>\n<td><\/td>\n<td><\/td>\n<td><\/td>\n<td><\/td>\n<td><\/td>\n<td><\/td>\n<td><\/td>\n<\/tr>\n<tr>\n<td>900<\/td>\n<td>930<\/td>\n<td>750<\/td>\n<td>231<\/td>\n<td>275<\/td>\n<td><\/td>\n<td>1800<\/td>\n<td>4<\/td>\n<td>M36<\/td>\n<td>M48<\/td>\n<td><\/td>\n<td>93000<\/td>\n<td><\/td>\n<td><\/td>\n<td>TTSX900<\/td>\n<td><\/td>\n<td>1270<\/td>\n<\/tr>\n<tr>\n<td><\/td>\n<td><\/td>\n<td><\/td>\n<td><\/td>\n<td><\/td>\n<td><\/td>\n<td><\/td>\n<td><\/td>\n<td><\/td>\n<td><\/td>\n<td><\/td>\n<td><\/td>\n<td><\/td>\n<td><\/td>\n<td><\/td>\n<td><\/td>\n<td><\/td>\n<\/tr>\n<tr>\n<td>920<\/td>\n<td>920<\/td>\n<td>830<\/td>\n<td><\/td>\n<td>280<\/td>\n<td><\/td>\n<td>2300<\/td>\n<td>7.5<\/td>\n<td>M36<\/td>\n<td>M48<\/td>\n<td><\/td>\n<td>93000<\/td>\n<td><\/td>\n<td><\/td>\n<td>TTSX920<\/td>\n<td><\/td>\n<td>1180<\/td>\n<\/tr>\n<tr>\n<td><\/td>\n<td><\/td>\n<td><\/td>\n<td><\/td>\n<td><\/td>\n<td><\/td>\n<td><\/td>\n<td><\/td>\n<td><\/td>\n<td><\/td>\n<td><\/td>\n<td><\/td>\n<td><\/td>\n<td><\/td>\n<td><\/td>\n<td><\/td>\n<td><\/td>\n<\/tr>\n<\/tbody>\n<\/table>","protected":false},"excerpt":{"rendered":"<p>Rodamientos de rodillos c\u00f3nicos de empuje a presi\u00f3n:<\/p>\n<p>Este tipo de rodamiento axial de rodillos c\u00f3nicos debe soportar cargas axiales extremadamente elevadas y permitir el desplazamiento angular del eje roscado con respecto al soporte. Por lo tanto, estos rodamientos suelen ser rodamientos de rodillos llenos con rodillos de gran di\u00e1metro y extralargos. Para soportar la desalineaci\u00f3n del alojamiento del rodamiento de rodillos sin afectar negativamente al rendimiento del rodamiento, este tipo de rodamiento tiene una pista esf\u00e9rica. Esta pista puede ser una pista del eje o una pista del alojamiento.<\/p>\n<p>En los rodamientos con pista de rodadura esf\u00e9rica en el conjunto de rodillos entre la pista de rodadura esf\u00e9rica del eje y el correspondiente eje roscado esf\u00e9rico c\u00f3ncavo o deflector de presi\u00f3n, se producir\u00e1 la desalineaci\u00f3n necesaria. WJZW tambi\u00e9n puede suministrar los mencionados deflectores de presi\u00f3n.<\/p>\n<p>Cuando el anillo de rodadura del alojamiento es esf\u00e9rico, la desalineaci\u00f3n es soportada por el conjunto de rodillos entre el anillo de rodadura del alojamiento y el deflector de presi\u00f3n. El deflector de presi\u00f3n para este tipo de rodamiento se suministra normalmente con el rodamiento.<\/p>\n<p>WJZW fabrica rodamientos atornillables en varios dise\u00f1os; estos rodamientos se fabrican a medida para satisfacer los requisitos espec\u00edficos de aplicaciones concretas.<\/p>","protected":false},"featured_media":2959,"template":"","meta":{"_uag_custom_page_level_css":"","site-sidebar-layout":"default","site-content-layout":"","ast-site-content-layout":"default","site-content-style":"default","site-sidebar-style":"default","ast-global-header-display":"","ast-banner-title-visibility":"","ast-main-header-display":"","ast-hfb-above-header-display":"","ast-hfb-below-header-display":"","ast-hfb-mobile-header-display":"","site-post-title":"","ast-breadcrumbs-content":"","ast-featured-img":"","footer-sml-layout":"","theme-transparent-header-meta":"default","adv-header-id-meta":"","stick-header-meta":"default","header-above-stick-meta":"","header-main-stick-meta":"","header-below-stick-meta":"","astra-migrate-meta-layouts":"set","ast-page-background-enabled":"default","ast-page-background-meta":{"desktop":{"background-color":"var(--ast-global-color-4)","background-image":"","background-repeat":"repeat","background-position":"center center","background-size":"auto","background-attachment":"scroll","background-type":"","background-media":"","overlay-type":"","overlay-color":"","overlay-opacity":"","overlay-gradient":""},"tablet":{"background-color":"","background-image":"","background-repeat":"repeat","background-position":"center center","background-size":"auto","background-attachment":"scroll","background-type":"","background-media":"","overlay-type":"","overlay-color":"","overlay-opacity":"","overlay-gradient":""},"mobile":{"background-color":"","background-image":"","background-repeat":"repeat","background-position":"center center","background-size":"auto","background-attachment":"scroll","background-type":"","background-media":"","overlay-type":"","overlay-color":"","overlay-opacity":"","overlay-gradient":""}},"ast-content-background-meta":{"desktop":{"background-color":"var(--ast-global-color-5)","background-image":"","background-repeat":"repeat","background-position":"center center","background-size":"auto","background-attachment":"scroll","background-type":"","background-media":"","overlay-type":"","overlay-color":"","overlay-opacity":"","overlay-gradient":""},"tablet":{"background-color":"var(--ast-global-color-5)","background-image":"","background-repeat":"repeat","background-position":"center center","background-size":"auto","background-attachment":"scroll","background-type":"","background-media":"","overlay-type":"","overlay-color":"","overlay-opacity":"","overlay-gradient":""},"mobile":{"background-color":"var(--ast-global-color-5)","background-image":"","background-repeat":"repeat","background-position":"center center","background-size":"auto","background-attachment":"scroll","background-type":"","background-media":"","overlay-type":"","overlay-color":"","overlay-opacity":"","overlay-gradient":""}}},"product_brand":[98],"product_cat":[15,96],"product_tag":[113],"class_list":{"0":"post-2957","1":"product","2":"type-product","3":"status-publish","4":"has-post-thumbnail","6":"product_brand-wjzw","7":"product_cat-products","8":"product_cat-thrust-tapered-roller-bearing","9":"product_tag-taper-thrust-roller-bearing","10":"desktop-align-center","11":"tablet-align-center","12":"mobile-align-center","13":"ast-product-gallery-layout-horizontal-slider","14":"ast-magnify-disabled","15":"ast-product-tabs-layout-horizontal","17":"first","18":"instock","19":"shipping-taxable","20":"product-type-simple"},"uagb_featured_image_src":{"full":["https:\/\/whjbearing.com\/wp-content\/uploads\/2025\/11\/\u63a8\u529b\u5706\u9525\u6eda\u5b50\u8f74\u627f-\u538b\u4e0b.png",1107,841,false],"thumbnail":["https:\/\/whjbearing.com\/wp-content\/uploads\/2025\/11\/\u63a8\u529b\u5706\u9525\u6eda\u5b50\u8f74\u627f-\u538b\u4e0b-150x150.png",150,150,true],"medium":["https:\/\/whjbearing.com\/wp-content\/uploads\/2025\/11\/\u63a8\u529b\u5706\u9525\u6eda\u5b50\u8f74\u627f-\u538b\u4e0b-300x228.png",300,228,true],"medium_large":["https:\/\/whjbearing.com\/wp-content\/uploads\/2025\/11\/\u63a8\u529b\u5706\u9525\u6eda\u5b50\u8f74\u627f-\u538b\u4e0b-768x583.png",768,583,true],"large":["https:\/\/whjbearing.com\/wp-content\/uploads\/2025\/11\/\u63a8\u529b\u5706\u9525\u6eda\u5b50\u8f74\u627f-\u538b\u4e0b-1024x778.png",1024,778,true],"1536x1536":["https:\/\/whjbearing.com\/wp-content\/uploads\/2025\/11\/\u63a8\u529b\u5706\u9525\u6eda\u5b50\u8f74\u627f-\u538b\u4e0b.png",1107,841,false],"2048x2048":["https:\/\/whjbearing.com\/wp-content\/uploads\/2025\/11\/\u63a8\u529b\u5706\u9525\u6eda\u5b50\u8f74\u627f-\u538b\u4e0b.png",1107,841,false],"trp-custom-language-flag":["https:\/\/whjbearing.com\/wp-content\/uploads\/2025\/11\/\u63a8\u529b\u5706\u9525\u6eda\u5b50\u8f74\u627f-\u538b\u4e0b-16x12.png",16,12,true],"woocommerce_thumbnail":["https:\/\/whjbearing.com\/wp-content\/uploads\/2025\/11\/\u63a8\u529b\u5706\u9525\u6eda\u5b50\u8f74\u627f-\u538b\u4e0b-500x500.png",500,500,true],"woocommerce_single":["https:\/\/whjbearing.com\/wp-content\/uploads\/2025\/11\/\u63a8\u529b\u5706\u9525\u6eda\u5b50\u8f74\u627f-\u538b\u4e0b-600x456.png",600,456,true],"woocommerce_gallery_thumbnail":["https:\/\/whjbearing.com\/wp-content\/uploads\/2025\/11\/\u63a8\u529b\u5706\u9525\u6eda\u5b50\u8f74\u627f-\u538b\u4e0b-100x100.png",100,100,true]},"uagb_author_info":{"display_name":"admin","author_link":"https:\/\/whjbearing.com\/es\/author\/"},"uagb_comment_info":0,"uagb_excerpt":"Press-down Thrust Tapered Roller Bearings: This type of thrust tapered roller bearing must be able to withstand extremely high axial loads and allow angular displacement of the threaded shaft relative to the support. Therefore, these bearings are typically full roll bearings with large-diameter and extra-long rollers. To withstand misalignment of the roll bearing housing without&hellip;","_links":{"self":[{"href":"https:\/\/whjbearing.com\/es\/wp-json\/wp\/v2\/product\/2957","targetHints":{"allow":["GET"]}}],"collection":[{"href":"https:\/\/whjbearing.com\/es\/wp-json\/wp\/v2\/product"}],"about":[{"href":"https:\/\/whjbearing.com\/es\/wp-json\/wp\/v2\/types\/product"}],"wp:featuredmedia":[{"embeddable":true,"href":"https:\/\/whjbearing.com\/es\/wp-json\/wp\/v2\/media\/2959"}],"wp:attachment":[{"href":"https:\/\/whjbearing.com\/es\/wp-json\/wp\/v2\/media?parent=2957"}],"wp:term":[{"taxonomy":"product_brand","embeddable":true,"href":"https:\/\/whjbearing.com\/es\/wp-json\/wp\/v2\/product_brand?post=2957"},{"taxonomy":"product_cat","embeddable":true,"href":"https:\/\/whjbearing.com\/es\/wp-json\/wp\/v2\/product_cat?post=2957"},{"taxonomy":"product_tag","embeddable":true,"href":"https:\/\/whjbearing.com\/es\/wp-json\/wp\/v2\/product_tag?post=2957"}],"curies":[{"name":"wp","href":"https:\/\/api.w.org\/{rel}","templated":true}]}}