{"id":3061,"date":"2025-11-17T20:50:15","date_gmt":"2025-11-17T12:50:15","guid":{"rendered":"https:\/\/whjbearing.com\/?post_type=product&#038;p=3061"},"modified":"2025-11-17T20:50:15","modified_gmt":"2025-11-17T12:50:15","slug":"cylindrical-roller-bearing-for-multi-roll-mill-backup-rolls","status":"publish","type":"product","link":"https:\/\/whjbearing.com\/eo\/varo\/cylindrical-roller-bearing-for-multi-roll-mill-backup-rolls\/","title":{"rendered":"Cilindra rul\u015dafto por rezervaj ruloj de multo-rula muelilo"},"content":{"rendered":"<table width=\"1146\">\n<tbody>\n<tr>\n<td width=\"219\">Nomumo<\/td>\n<td width=\"235\">Borra diametro<\/td>\n<td width=\"250\">Ekstera diametro<\/td>\n<td width=\"247\">Lar\u011do<\/td>\n<td width=\"195\">Baza dinamika \u015dar\u011dtakso<\/td>\n<\/tr>\n<tr>\n<td><\/td>\n<td>milimetro<\/td>\n<td>milimetro<\/td>\n<td>milimetro<\/td>\n<td><\/td>\n<\/tr>\n<tr>\n<td width=\"219\">315268 B<\/td>\n<td width=\"235\">70<\/td>\n<td width=\"250\"><\/td>\n<td width=\"247\"><\/td>\n<td width=\"195\">358<\/td>\n<\/tr>\n<tr>\n<td width=\"219\">316737 AC<\/td>\n<td width=\"235\">90<\/td>\n<td width=\"250\"><\/td>\n<td width=\"247\"><\/td>\n<td width=\"195\">501<\/td>\n<\/tr>\n<tr>\n<td width=\"219\">396040<\/td>\n<td width=\"235\">55<\/td>\n<td width=\"250\"><\/td>\n<td width=\"247\"><\/td>\n<td width=\"195\">123<\/td>\n<\/tr>\n<tr>\n<td width=\"219\">BC2B 320432 AE<\/td>\n<td width=\"235\">130<\/td>\n<td width=\"250\"><\/td>\n<td width=\"247\"><\/td>\n<td width=\"195\">1 080<\/td>\n<\/tr>\n<tr>\n<td width=\"219\">BCZ-0011<\/td>\n<td width=\"235\">100<\/td>\n<td width=\"250\"><\/td>\n<td width=\"247\"><\/td>\n<td width=\"195\">594<\/td>\n<\/tr>\n<tr>\n<td width=\"219\">BCZ-0034 A<\/td>\n<td width=\"235\">120<\/td>\n<td width=\"250\"><\/td>\n<td width=\"247\"><\/td>\n<td width=\"195\">809<\/td>\n<\/tr>\n<tr>\n<td width=\"219\">BCZ-0113<\/td>\n<td width=\"235\">110<\/td>\n<td width=\"250\"><\/td>\n<td width=\"247\"><\/td>\n<td width=\"195\">765<\/td>\n<\/tr>\n<tr>\n<td width=\"219\">BCZ-0113 A<\/td>\n<td width=\"235\">110<\/td>\n<td width=\"250\"><\/td>\n<td width=\"247\"><\/td>\n<td width=\"195\">765<\/td>\n<\/tr>\n<tr>\n<td width=\"219\">BCZ-0514<\/td>\n<td width=\"235\">100<\/td>\n<td width=\"250\"><\/td>\n<td width=\"247\"><\/td>\n<td width=\"195\">418<\/td>\n<\/tr>\n<tr>\n<td width=\"219\">BCZ-0532 A\/PEX<\/td>\n<td width=\"235\">130<\/td>\n<td width=\"250\">300<\/td>\n<td width=\"247\">172.65<\/td>\n<td width=\"195\">1 140<\/td>\n<\/tr>\n<tr>\n<td width=\"219\">BCZ-0052<\/td>\n<td width=\"235\">130<\/td>\n<td width=\"250\"><\/td>\n<td width=\"247\"><\/td>\n<td width=\"195\">528<\/td>\n<\/tr>\n<tr>\n<td width=\"219\">BCZ-0508<\/td>\n<td width=\"235\">90<\/td>\n<td width=\"250\"><\/td>\n<td width=\"247\"><\/td>\n<td width=\"195\">457<\/td>\n<\/tr>\n<tr>\n<td width=\"219\">BCZ-0512<\/td>\n<td width=\"235\">90<\/td>\n<td width=\"250\"><\/td>\n<td width=\"247\"><\/td>\n<td width=\"195\">468<\/td>\n<\/tr>\n<tr>\n<td width=\"219\">BCZ-0525 B<\/td>\n<td width=\"235\">70<\/td>\n<td width=\"250\"><\/td>\n<td width=\"247\"><\/td>\n<td width=\"195\">270<\/td>\n<\/tr>\n<tr>\n<td width=\"219\">BCZ-0532\/PEX<\/td>\n<td width=\"235\">130<\/td>\n<td width=\"250\">300<\/td>\n<td width=\"247\">172.65<\/td>\n<td width=\"195\">1 140<\/td>\n<\/tr>\n<tr>\n<td width=\"219\">315018 A<\/td>\n<td width=\"235\">100<\/td>\n<td width=\"250\"><\/td>\n<td width=\"247\"><\/td>\n<td width=\"195\">660<\/td>\n<\/tr>\n<tr>\n<td width=\"219\">315018 C<\/td>\n<td width=\"235\">100<\/td>\n<td width=\"250\"><\/td>\n<td width=\"247\"><\/td>\n<td width=\"195\">660<\/td>\n<\/tr>\n<tr>\n<td width=\"219\">610627 B<\/td>\n<td width=\"235\">55<\/td>\n<td width=\"250\"><\/td>\n<td width=\"247\"><\/td>\n<td width=\"195\">58.3<\/td>\n<\/tr>\n<tr>\n<td width=\"219\">BCZ-0507<\/td>\n<td width=\"235\">90<\/td>\n<td width=\"250\"><\/td>\n<td width=\"247\"><\/td>\n<td width=\"195\">484<\/td>\n<\/tr>\n<tr>\n<td width=\"219\">BCZ-0509<\/td>\n<td width=\"235\">100<\/td>\n<td width=\"250\"><\/td>\n<td width=\"247\"><\/td>\n<td width=\"195\">501<\/td>\n<\/tr>\n<tr>\n<td width=\"219\">BCZ-0513<\/td>\n<td width=\"235\">100<\/td>\n<td width=\"250\"><\/td>\n<td width=\"247\"><\/td>\n<td width=\"195\">660<\/td>\n<\/tr>\n<tr>\n<td width=\"219\">314833 B<\/td>\n<td width=\"235\">130<\/td>\n<td width=\"250\"><\/td>\n<td width=\"247\"><\/td>\n<td width=\"195\">1 170<\/td>\n<\/tr>\n<tr>\n<td width=\"219\">314833 a.K.<\/td>\n<td width=\"235\">130<\/td>\n<td width=\"250\"><\/td>\n<td width=\"247\"><\/td>\n<td width=\"195\">1 170<\/td>\n<\/tr>\n<tr>\n<td width=\"219\">315515 AB<\/td>\n<td width=\"235\">180<\/td>\n<td width=\"250\"><\/td>\n<td width=\"247\"><\/td>\n<td width=\"195\">1 900<\/td>\n<\/tr>\n<tr>\n<td width=\"219\">314833 B<\/td>\n<td width=\"235\">130<\/td>\n<td width=\"250\"><\/td>\n<td width=\"247\"><\/td>\n<td width=\"195\">1 170<\/td>\n<\/tr>\n<tr>\n<td width=\"219\">314833 a.K.<\/td>\n<td width=\"235\">130<\/td>\n<td width=\"250\"><\/td>\n<td width=\"247\"><\/td>\n<td width=\"195\">1 170<\/td>\n<\/tr>\n<tr>\n<td width=\"219\">315515 AB<\/td>\n<td width=\"235\">180<\/td>\n<td width=\"250\"><\/td>\n<td width=\"247\"><\/td>\n<td width=\"195\">1 900<\/td>\n<\/tr>\n<tr>\n<td width=\"219\">BC2B 322564<\/td>\n<td width=\"235\">110<\/td>\n<td width=\"250\"><\/td>\n<td width=\"247\"><\/td>\n<td width=\"195\">616<\/td>\n<\/tr>\n<tr>\n<td width=\"219\">BCZ-0517 A<\/td>\n<td width=\"235\">130<\/td>\n<td width=\"250\"><\/td>\n<td width=\"247\"><\/td>\n<td width=\"195\">880<\/td>\n<\/tr>\n<tr>\n<td width=\"219\">BCZ-0529<\/td>\n<td width=\"235\">70<\/td>\n<td width=\"250\"><\/td>\n<td width=\"247\"><\/td>\n<td width=\"195\">297<\/td>\n<\/tr>\n<tr>\n<td width=\"219\">BCZ-8004<\/td>\n<td width=\"235\">205<\/td>\n<td width=\"250\"><\/td>\n<td width=\"247\"><\/td>\n<td width=\"195\">2 090<\/td>\n<\/tr>\n<\/tbody>\n<\/table>","protected":false},"excerpt":{"rendered":"<p>Dikmuraj subteniloj por subtenaj ruliloj:<\/p>\n<p>Subtenaj lagroj estas specialigitaj lagroj bazitaj sur du-vici\u011daj a\u016d tri-vici\u011daj cilindraj ruloj-lagroj, kun varia\u0135oj inkluzive de unu-vici\u011daj nadlaj ruloj-lagroj kaj du-vici\u011daj konikaj ruloj-lagroj. Ili havas signife diki\u011dintan eksteran ringon kaj povas esti muntitaj en grupoj sur fiksaj subtenaj \u015daftoj kiel subtenaj ruloj. \u0108efe uzataj en mult-rulaj malvarmaj rulpremiloj, ili anka\u016d ta\u016dgas por rektigaj ma\u015dinoj, fleksaj ma\u015dinoj kaj alia ekipa\u0135o.<\/p>\n<p>Subtenitaj lagroj bazi\u011das sur du-vicaj a\u016d tri-vicaj cilindraj ruloj-lagroj, sed ofertas la jenajn deriva\u0135ajn tipojn:<\/p>\n<p>Strukturo de unuranga nadlora rul\u015dafto<\/p>\n<p>2. Du-vica konus-rula lagra strukturo. \u0108i tiu dezajno uzas specialan plifortigon de la ekstera ringo por plenumi altajn \u015dar\u011doportajn postulojn.<\/p>\n<p>Aplika\u0135oj: Kiel speciala produkto por multrulaj malvarmaj rulpremejoj, ilia aplika gamo etendi\u011das al: sistemoj de rektigaj ruloj en ma\u015dinoj por rektigi metalfoliojn; grupoj de premaj ruloj en metalprilaboraj fleksma\u015dinoj. Tipa aplika ekzemplo estas 20-rula rulpremejo, kiu uzas subtenatan lagarsistemon sur ok subtenaj aksoj.<\/p>\n<p>Funkciaj trajtoj: Integra dezajno de ekstera ringo kun dikaj muroj. \u011ci plenumas sian funkcion per: muntado sur fiksan subtenan akson kiel subtena rulo a\u016d rektiga rulo, anstata\u016digante la tradician strukturon de unuopa subtena rulo; kaj provizante optimumigitan \u015dar\u011dodistribuon por pluraj vicoj da rulpremaj elementoj. Ekde 2022, \u0109i tiu dezajno pruvi\u011dis efike plibonigi la stabilecon de la malvarma rulpremada procezo.<\/p>","protected":false},"featured_media":2900,"template":"","meta":{"_uag_custom_page_level_css":"","site-sidebar-layout":"default","site-content-layout":"","ast-site-content-layout":"default","site-content-style":"default","site-sidebar-style":"default","ast-global-header-display":"","ast-banner-title-visibility":"","ast-main-header-display":"","ast-hfb-above-header-display":"","ast-hfb-below-header-display":"","ast-hfb-mobile-header-display":"","site-post-title":"","ast-breadcrumbs-content":"","ast-featured-img":"","footer-sml-layout":"","theme-transparent-header-meta":"default","adv-header-id-meta":"","stick-header-meta":"default","header-above-stick-meta":"","header-main-stick-meta":"","header-below-stick-meta":"","astra-migrate-meta-layouts":"set","ast-page-background-enabled":"default","ast-page-background-meta":{"desktop":{"background-color":"var(--ast-global-color-4)","background-image":"","background-repeat":"repeat","background-position":"center center","background-size":"auto","background-attachment":"scroll","background-type":"","background-media":"","overlay-type":"","overlay-color":"","overlay-opacity":"","overlay-gradient":""},"tablet":{"background-color":"","background-image":"","background-repeat":"repeat","background-position":"center center","background-size":"auto","background-attachment":"scroll","background-type":"","background-media":"","overlay-type":"","overlay-color":"","overlay-opacity":"","overlay-gradient":""},"mobile":{"background-color":"","background-image":"","background-repeat":"repeat","background-position":"center center","background-size":"auto","background-attachment":"scroll","background-type":"","background-media":"","overlay-type":"","overlay-color":"","overlay-opacity":"","overlay-gradient":""}},"ast-content-background-meta":{"desktop":{"background-color":"var(--ast-global-color-5)","background-image":"","background-repeat":"repeat","background-position":"center center","background-size":"auto","background-attachment":"scroll","background-type":"","background-media":"","overlay-type":"","overlay-color":"","overlay-opacity":"","overlay-gradient":""},"tablet":{"background-color":"var(--ast-global-color-5)","background-image":"","background-repeat":"repeat","background-position":"center center","background-size":"auto","background-attachment":"scroll","background-type":"","background-media":"","overlay-type":"","overlay-color":"","overlay-opacity":"","overlay-gradient":""},"mobile":{"background-color":"var(--ast-global-color-5)","background-image":"","background-repeat":"repeat","background-position":"center center","background-size":"auto","background-attachment":"scroll","background-type":"","background-media":"","overlay-type":"","overlay-color":"","overlay-opacity":"","overlay-gradient":""}}},"product_brand":[98],"product_cat":[125],"product_tag":[128,126,127,129],"class_list":{"0":"post-3061","1":"product","2":"type-product","3":"status-publish","4":"has-post-thumbnail","6":"product_brand-wjzw","7":"product_cat-back-up-bearing","8":"product_tag-back-up-bearing","9":"product_tag-backing-bearings","10":"product_tag-multi-roll-mill-backup-rolls","11":"product_tag-thick-walled-bearings-for-support-rollers","12":"desktop-align-center","13":"tablet-align-center","14":"mobile-align-center","15":"ast-product-gallery-layout-horizontal-slider","16":"ast-magnify-disabled","17":"ast-product-tabs-layout-horizontal","19":"first","20":"instock","21":"shipping-taxable","22":"product-type-simple"},"uagb_featured_image_src":{"full":["https:\/\/whjbearing.com\/wp-content\/uploads\/2025\/11\/\u80cc\u886c\u8f74\u627f.png",1185,1188,false],"thumbnail":["https:\/\/whjbearing.com\/wp-content\/uploads\/2025\/11\/\u80cc\u886c\u8f74\u627f-150x150.png",150,150,true],"medium":["https:\/\/whjbearing.com\/wp-content\/uploads\/2025\/11\/\u80cc\u886c\u8f74\u627f-300x300.png",300,300,true],"medium_large":["https:\/\/whjbearing.com\/wp-content\/uploads\/2025\/11\/\u80cc\u886c\u8f74\u627f-768x770.png",768,770,true],"large":["https:\/\/whjbearing.com\/wp-content\/uploads\/2025\/11\/\u80cc\u886c\u8f74\u627f-1021x1024.png",1021,1024,true],"1536x1536":["https:\/\/whjbearing.com\/wp-content\/uploads\/2025\/11\/\u80cc\u886c\u8f74\u627f.png",1185,1188,false],"2048x2048":["https:\/\/whjbearing.com\/wp-content\/uploads\/2025\/11\/\u80cc\u886c\u8f74\u627f.png",1185,1188,false],"trp-custom-language-flag":["https:\/\/whjbearing.com\/wp-content\/uploads\/2025\/11\/\u80cc\u886c\u8f74\u627f-12x12.png",12,12,true],"woocommerce_thumbnail":["https:\/\/whjbearing.com\/wp-content\/uploads\/2025\/11\/\u80cc\u886c\u8f74\u627f-500x500.png",500,500,true],"woocommerce_single":["https:\/\/whjbearing.com\/wp-content\/uploads\/2025\/11\/\u80cc\u886c\u8f74\u627f-600x602.png",600,602,true],"woocommerce_gallery_thumbnail":["https:\/\/whjbearing.com\/wp-content\/uploads\/2025\/11\/\u80cc\u886c\u8f74\u627f-100x100.png",100,100,true]},"uagb_author_info":{"display_name":"admin","author_link":"https:\/\/whjbearing.com\/eo\/author\/"},"uagb_comment_info":0,"uagb_excerpt":"Thick-walled bearings for support rollers: Backed bearings are specialized bearings designed based on double-row or triple-row cylindrical roller bearings, with variations including single-row needle roller bearings and double-row tapered roller bearings. They feature a significantly thickened outer ring and can be mounted in groups on fixed support shafts as support rollers. Primarily used in multi-roll&hellip;","_links":{"self":[{"href":"https:\/\/whjbearing.com\/eo\/wp-json\/wp\/v2\/product\/3061","targetHints":{"allow":["GET"]}}],"collection":[{"href":"https:\/\/whjbearing.com\/eo\/wp-json\/wp\/v2\/product"}],"about":[{"href":"https:\/\/whjbearing.com\/eo\/wp-json\/wp\/v2\/types\/product"}],"wp:featuredmedia":[{"embeddable":true,"href":"https:\/\/whjbearing.com\/eo\/wp-json\/wp\/v2\/media\/2900"}],"wp:attachment":[{"href":"https:\/\/whjbearing.com\/eo\/wp-json\/wp\/v2\/media?parent=3061"}],"wp:term":[{"taxonomy":"product_brand","embeddable":true,"href":"https:\/\/whjbearing.com\/eo\/wp-json\/wp\/v2\/product_brand?post=3061"},{"taxonomy":"product_cat","embeddable":true,"href":"https:\/\/whjbearing.com\/eo\/wp-json\/wp\/v2\/product_cat?post=3061"},{"taxonomy":"product_tag","embeddable":true,"href":"https:\/\/whjbearing.com\/eo\/wp-json\/wp\/v2\/product_tag?post=3061"}],"curies":[{"name":"wp","href":"https:\/\/api.w.org\/{rel}","templated":true}]}}