{"id":2339,"date":"2025-08-27T11:01:52","date_gmt":"2025-08-27T03:01:52","guid":{"rendered":"https:\/\/grey-owl-546900.hostingersite.com\/?post_type=product&#038;p=2339"},"modified":"2025-11-17T12:55:31","modified_gmt":"2025-11-17T04:55:31","slug":"thrust-tapered-roller-bearing","status":"publish","type":"product","link":"https:\/\/whjbearing.com\/eo\/varo\/thrust-tapered-roller-bearing\/","title":{"rendered":"Tira konusrola lagro"},"content":{"rendered":"<table width=\"927\">\n<tbody>\n<tr>\n<td colspan=\"7\" width=\"460\">Lima dimensioj<\/td>\n<td colspan=\"2\" width=\"183\">Basie-\u015dar\u011dtaksoj<\/td>\n<td colspan=\"2\" width=\"201\">Numeroj de lagroj<\/td>\n<td colspan=\"2\" width=\"82\">Masoj<\/td>\n<\/tr>\n<tr>\n<td><\/td>\n<td><\/td>\n<td><\/td>\n<td><\/td>\n<td><\/td>\n<td><\/td>\n<td><\/td>\n<td><\/td>\n<td><\/td>\n<td>nova kodnomo<\/td>\n<td>Malnova kodnomo<\/td>\n<td colspan=\"2\">Referenco<\/td>\n<\/tr>\n<tr>\n<td>d<\/td>\n<td>D<\/td>\n<td>H<\/td>\n<td>unua tago<\/td>\n<td>Tago unu<\/td>\n<td>r1.2min<\/td>\n<td>r3.4min<\/td>\n<td>Kalcio<\/td>\n<td>Koa<\/td>\n<td>Nova<\/td>\n<td>Malnova<\/td>\n<td colspan=\"2\">Referenco.<\/td>\n<\/tr>\n<tr>\n<td><\/td>\n<td><\/td>\n<td><\/td>\n<td><\/td>\n<td><\/td>\n<td><\/td>\n<td><\/td>\n<td><\/td>\n<td><\/td>\n<td><\/td>\n<td><\/td>\n<td><\/td>\n<td><\/td>\n<\/tr>\n<tr>\n<td>170<\/td>\n<td>340<\/td>\n<td>103<\/td>\n<td>174<\/td>\n<td>335<\/td>\n<td>5<\/td>\n<td>5<\/td>\n<td>1520<\/td>\n<td>2630<\/td>\n<td>99434<\/td>\n<td>9019434<\/td>\n<td><\/td>\n<td>58<\/td>\n<\/tr>\n<tr>\n<td><\/td>\n<td><\/td>\n<td><\/td>\n<td><\/td>\n<td><\/td>\n<td><\/td>\n<td><\/td>\n<td><\/td>\n<td><\/td>\n<td><\/td>\n<td><\/td>\n<td><\/td>\n<td><\/td>\n<\/tr>\n<tr>\n<td>260<\/td>\n<td>480<\/td>\n<td>132<\/td>\n<td>265<\/td>\n<td>475<\/td>\n<td>6<\/td>\n<td>6<\/td>\n<td>2540<\/td>\n<td>11300<\/td>\n<td>99452<\/td>\n<td>9019452<\/td>\n<td><\/td>\n<td>111<\/td>\n<\/tr>\n<tr>\n<td><\/td>\n<td><\/td>\n<td><\/td>\n<td><\/td>\n<td><\/td>\n<td><\/td>\n<td><\/td>\n<td><\/td>\n<td><\/td>\n<td><\/td>\n<td><\/td>\n<td><\/td>\n<td><\/td>\n<\/tr>\n<tr>\n<td>280<\/td>\n<td>520<\/td>\n<td>145<\/td>\n<td>285<\/td>\n<td>515<\/td>\n<td>6<\/td>\n<td>6<\/td>\n<td>2930<\/td>\n<td>13300<\/td>\n<td>99456<\/td>\n<td>9019456<\/td>\n<td><\/td>\n<td>143.8<\/td>\n<\/tr>\n<tr>\n<td><\/td>\n<td><\/td>\n<td><\/td>\n<td><\/td>\n<td><\/td>\n<td><\/td>\n<td><\/td>\n<td><\/td>\n<td><\/td>\n<td><\/td>\n<td><\/td>\n<td><\/td>\n<td><\/td>\n<\/tr>\n<tr>\n<td>320<\/td>\n<td>580<\/td>\n<td>155<\/td>\n<td>325<\/td>\n<td>575<\/td>\n<td>7.5<\/td>\n<td>7.5<\/td>\n<td>3700<\/td>\n<td>17500<\/td>\n<td>99464<\/td>\n<td>9019464<\/td>\n<td><\/td>\n<td>194<\/td>\n<\/tr>\n<tr>\n<td><\/td>\n<td><\/td>\n<td><\/td>\n<td><\/td>\n<td><\/td>\n<td><\/td>\n<td><\/td>\n<td><\/td>\n<td><\/td>\n<td><\/td>\n<td><\/td>\n<td><\/td>\n<td><\/td>\n<\/tr>\n<tr>\n<td>380<\/td>\n<td>670<\/td>\n<td>175<\/td>\n<td>385<\/td>\n<td>665<\/td>\n<td>7.5<\/td>\n<td>7.5<\/td>\n<td>5040<\/td>\n<td>10400<\/td>\n<td>99476<\/td>\n<td>9019476<\/td>\n<td><\/td>\n<td>254<\/td>\n<\/tr>\n<\/tbody>\n<\/table>","protected":false},"excerpt":{"rendered":"<p>Konfiguracio de \u015dra\u016dbe fiksitaj lagroj por val\u015dtalo:<\/p>\n<p>Konusaj pu\u015daj rulilaj lagroj estas unu el la strukturaj tipoj de pu\u015daj rulilaj lagroj. Ili \u0109efe konsistas el \u015daftringoj, korporingoj, konusaj ruliloj kaj kaveoj, kaj estas dividitaj en unudirektajn kaj dudirektajn tipojn. La granda fino de la konusaj ruliloj estas sfera, kaj la ruli\u011daj elementoj kaj la generatrico de la kurbo interkruci\u011das \u0109e la akso por atingi puran ruli\u011dan movon. La aparta strukturo estas facile instalebla. \u0108i tiu lagro povas elteni pezajn aksajn \u015dar\u011dojn, ne estas sentema al frapaj \u015dar\u011doj kaj havas altan rigidecon. \u011ci estas ofte uzata en \u015dra\u016dbe fiksitaj aran\u011doj por rulpremiloj, kranaj hokoj kaj turni\u011diloj de naftoprafundaj instala\u0135oj. La dezajno adoptas logaritman kontaktan generatrison por optimumigi la stre\u0109an distribuon. La limo-rapideco estas pli alta ol tiu de pu\u015daj cilindraj rulpremilaj lagroj. La eksteraj dimensioj estas plejparte ne-normaj. La nuna normo, kiun oni povas konsulti, estas GB\/T 4663-1994 [1]. La produkto inkluzivas kompletan rularan strukturon, kiu estas fiksita per \u015dra\u016dboj por formi specialan konfiguracion. La toleremo konformas al la normo GB\/T307.4. WJZW kaj aliaj fabrikantoj produktas du-direktajn konikajn rul-lagerojn, kiuj povas esti uzataj kune kun multvici\u011daj cilindraj rul-lageroj. La sferika kurbo-vojo kompensas angulan deploki\u011don de la rul-\u015dafto.<\/p>\n<p>Karakteriza\u0135oj: \u0108i tiu tipo de lagro estas uzata en bolt-fiksitaj lagrokunfiguroj por rulpremiloj. WJZW-tira konusaj ruloj-lagroj havas logaritman kontaktprofilon inter la kursoj kaj la ruloj, certigante optimuman stre\u0109an distribuon ene de la lagro kaj tiel plilongigante \u011dian vivda\u016dron.<\/p>\n<p>Strukturo: \u0108ar la rulelementoj en konusaj pu\u015daj rullagroj estas konusaj ruloj, strukture la generatricoj de la ruloj kaj de la kurso\u0109aneloj de la diskoj \u0109iuj konver\u011das al unu sola punkto sur la akso de la lagro. Tial la rulsurfacoj povas atingi puran rulan movon, rezultigante pli altan liman rapidon ol pu\u015daj cilindraj rullagroj.<\/p>\n<p>Pro la limigita produktvolumo de konusaj ruliloj kun anta\u016d\u015dar\u011da angulo, plej multaj modeloj produktitaj de diversaj fabrikantoj estas ne-normaj la\u016d grandeco. Normgrandaj serioj estas produktataj en pli malgrandaj kvantoj, tial nuntempe ne ekzistas nacia normo por la dimensioj de \u0109i tiu tipo de lagro. La disponebla normo estas GB\/T 4663-1994. [1]<\/p>\n<p>Dezajno kaj instalado: La WJZW-\u015dovtapa konusa rulilbeko kun kageo havas disigeblan dezajnon, kiu ebligas facilan apartan instaladon de la du subdiskoj, ruliloj kaj kageo-\u015dovtapa kunigo. La plenrola \u015dra\u016db-aro-beko estas kunigita per specialaj poziciigaj komponantoj, kaj la subdiskoj havas fadenajn truojn por lev\u015dra\u016dboj por simpligi la operacion.<\/p>\n<p>La sekva priskribas:<\/p>\n<p>I. Malgrandaj unudirektaj pu\u015daj konusaj rulaj lagroj estas preska\u016d ekskluzive uzataj en stirknukaj lagrokunfiguroj de komercaj veturiloj. \u0108i tiuj lagroj havas plenajn rulojn kaj estas sekurigitaj per maldika \u015dtala kovrilo. Plej multaj el \u0109i tiuj lagroj estas ekipitaj per frot-sigeloj el nitrila ka\u016d\u0109uko (NBR), rezistaj al eluzi\u011do kaj al oleo. \u0108i tiuj lagroj estas lubrikitaj por la tuta vivo per multcela graso kaj ne postulas prizorgadon. Disponeblas diversaj dezajnoj, kiuj diferencas nur la\u016d la formo de la kurso de la lagra kartero kaj de la lagra kovrilo.<\/p>\n<p>Pli grandaj unudirektaj lagraj rondeloj estas fabrikitaj alimaniere; iuj lagraj rondeloj estas la\u016d grandeco identaj al la kurso de la lagra kartero, dum aliaj havas malsamajn dezajnojn.<\/p>\n<p>Ringoj kun identaj dimensioj al la lagera kartero \u0109iuj havas konusforman kurso\u015dalon kaj pozician flan\u011don. \u0108i tiu tipo de lagero ofte estas uzata en aplikoj kiuj postulas altajn aksajn \u015dar\u011dojn, kiel ekzemple sur turntabloj de boriloj a\u016d sur kranaj hokoj. \u0108i tiu lagero havas kaveon kaj estas poziciigita per du ringoj.<\/p>\n<p>Aliaj lagrodizajnoj havas \u015daftrondelojn kun konusaj kursoj kaj lokigaj flan\u011doj, dum la kursoj en la lagro\u015delo estas plataj. Tial \u0109i tiu dezajno povas toleri malgrandan ekscentriton de la \u015dafto rilate al la \u015dela boro sen malutile influi la lagro-efikecon. Krom kelkaj grandecoj kun plenlongaj ruloj, \u0109i tiuj lagroj havas kaveon koaksian kun la ruloj.<\/p>\n<p>II. Du-direktaj pu\u015daj konusaj rulaj lagroj estas \u0109efe uzataj en rulfarejoj kune kun plurvici\u011daj cilindraj rulaj lagroj. Tiu \u0109i lagrotipo kun plataj \u015daftaj rondeloj estas pli populara, \u0109ar \u011di povas toleri malgrandan ekscentriecon de la \u015dafto rilate al la lagrolo\u011da truo, kaj anka\u016d malgrandajn variojn en la radia interna ludo uzata en radialaj lagroj. Inter la du kursoj de la lagera kartero estas poziciigita interspaca maniko. La interspaca maniko estas dimensionita tiel, ke la \u015dra\u016dboj de la lagera kartero povas esti plene stre\u0109itaj, kaj la lagero ne postulas specialajn risortojn por agordo.<\/p>\n<p>Du-direkta konusrola pu\u015dlagro kun konusaj kursoj sur amba\u016d la \u015dafto kaj la lagro\u015delo. \u011cenerale, \u0109i tiu tipo de aksa konusa rulilbeko havas pli altan aksan \u015dar\u011dokapaciton ol bieroj kun plataj bierkorpoj kaj povas provizi ioman radian poziciigadon de la \u015dafto. Se la \u015dar\u011dokapacito de \u0109i tiu tipo de biero estas nesufi\u0109a konsiderante la postulatan servoda\u016dron, oni povas uzi du-vican konusan rulilbekon kun granda kontaktangulo desegnitan de TDIS; vidu \"Du-vicaj konusaj rulilbeko\".<\/p>\n<p>\u0108ar du-direktaj thrustaj konusaj rulilaj lagroj kutime estas instalitaj kun libera al\u011dustigo sur la rula \u0135urnalo kaj la rula lagro-karcero, plej multaj lagro-karceroj havas unu a\u016d du poziciigajn grovojn. Tio ebligas uzi \u015dlosilojn a\u016d similajn metodojn enmetitajn en la poziciigajn grovojn por malhelpi la karceron rotacii sur la \u015dafto.<\/p>\n<p>III. \u0108i tiu tipo de konusa rulilb\u015dafto devas povi elteni ekstreme altajn aksajn \u015dar\u011dojn kaj permesi angulan deploki\u011don de la \u015dra\u016dbita \u015dafto rilate al la subteno. Tial \u0109i tiu tipo de rulilb\u015dafto kutime estas plene rulita, kun ruliloj de granda diametro kaj ekstra longo. Por elteni misalini\u011don de la rulilb\u015dafta kartero sen malutile influi la rulilb\u015daftajn trajtojn, \u0109i tiu tipo de rulilb\u015dafto havas sferan karteran ringon. \u0108i tiu kartera ringo povas esti a\u016d la \u015dafta kartera ringo a\u016d la rulilb\u015dafta kartera ringo.<\/p>\n<p>En lagroj kun sferforma lagrolo\u011dejo kaj koresponda konkava sferforma fadeno\u015dafto a\u016d prema barilo, necesa misali\u011do okazas en la rula aro inter la sferforma lagrolo\u011dejo kaj la koresponda prema barilo. WJZW anka\u016d provizas la supre menciitajn prema barilojn.<\/p>\n<p>Kiam la lagera ringo estas sfera, la misalini\u011do estas portata de la rula aro inter la lagera ringo kaj la prema bafflo. La prema bafflo por \u0109i tiu tipo de lagero kutime estas liverata kune kun la lagero.<\/p>\n<p>WJZW fabrikas diversajn dezajnojn de \u015dra\u016dbaj lagroj; \u0109i tiuj lagroj estas la\u016dmende faritaj por plenumi la specifajn postulojn de apartaj aplikoj.<\/p>","protected":false},"featured_media":2923,"template":"","meta":{"_uag_custom_page_level_css":"","site-sidebar-layout":"default","site-content-layout":"","ast-site-content-layout":"default","site-content-style":"default","site-sidebar-style":"default","ast-global-header-display":"","ast-banner-title-visibility":"","ast-main-header-display":"","ast-hfb-above-header-display":"","ast-hfb-below-header-display":"","ast-hfb-mobile-header-display":"","site-post-title":"","ast-breadcrumbs-content":"","ast-featured-img":"","footer-sml-layout":"","theme-transparent-header-meta":"default","adv-header-id-meta":"","stick-header-meta":"default","header-above-stick-meta":"","header-main-stick-meta":"","header-below-stick-meta":"","astra-migrate-meta-layouts":"set","ast-page-background-enabled":"default","ast-page-background-meta":{"desktop":{"background-color":"var(--ast-global-color-4)","background-image":"","background-repeat":"repeat","background-position":"center center","background-size":"auto","background-attachment":"scroll","background-type":"","background-media":"","overlay-type":"","overlay-color":"","overlay-opacity":"","overlay-gradient":""},"tablet":{"background-color":"","background-image":"","background-repeat":"repeat","background-position":"center center","background-size":"auto","background-attachment":"scroll","background-type":"","background-media":"","overlay-type":"","overlay-color":"","overlay-opacity":"","overlay-gradient":""},"mobile":{"background-color":"","background-image":"","background-repeat":"repeat","background-position":"center center","background-size":"auto","background-attachment":"scroll","background-type":"","background-media":"","overlay-type":"","overlay-color":"","overlay-opacity":"","overlay-gradient":""}},"ast-content-background-meta":{"desktop":{"background-color":"var(--ast-global-color-5)","background-image":"","background-repeat":"repeat","background-position":"center center","background-size":"auto","background-attachment":"scroll","background-type":"","background-media":"","overlay-type":"","overlay-color":"","overlay-opacity":"","overlay-gradient":""},"tablet":{"background-color":"var(--ast-global-color-5)","background-image":"","background-repeat":"repeat","background-position":"center center","background-size":"auto","background-attachment":"scroll","background-type":"","background-media":"","overlay-type":"","overlay-color":"","overlay-opacity":"","overlay-gradient":""},"mobile":{"background-color":"var(--ast-global-color-5)","background-image":"","background-repeat":"repeat","background-position":"center center","background-size":"auto","background-attachment":"scroll","background-type":"","background-media":"","overlay-type":"","overlay-color":"","overlay-opacity":"","overlay-gradient":""}}},"product_brand":[98],"product_cat":[15,96],"product_tag":[119,118],"class_list":{"0":"post-2339","1":"product","2":"type-product","3":"status-publish","4":"has-post-thumbnail","6":"product_brand-wjzw","7":"product_cat-products","8":"product_cat-thrust-tapered-roller-bearing","9":"product_tag-tapered-thrust-roller-bearign","10":"product_tag-thrust-tapered-roller-bearing","11":"desktop-align-center","12":"tablet-align-center","13":"mobile-align-center","14":"ast-product-gallery-layout-horizontal-slider","15":"ast-magnify-disabled","16":"ast-product-tabs-layout-horizontal","18":"first","19":"instock","20":"sale","21":"shipping-taxable","22":"purchasable","23":"product-type-simple"},"uagb_featured_image_src":{"full":["https:\/\/whjbearing.com\/wp-content\/uploads\/2025\/11\/\u63a8\u529b\u5706\u9525\u6eda\u5b50\u8f74\u627f.png",843,765,false],"thumbnail":["https:\/\/whjbearing.com\/wp-content\/uploads\/2025\/11\/\u63a8\u529b\u5706\u9525\u6eda\u5b50\u8f74\u627f-150x150.png",150,150,true],"medium":["https:\/\/whjbearing.com\/wp-content\/uploads\/2025\/11\/\u63a8\u529b\u5706\u9525\u6eda\u5b50\u8f74\u627f-300x272.png",300,272,true],"medium_large":["https:\/\/whjbearing.com\/wp-content\/uploads\/2025\/11\/\u63a8\u529b\u5706\u9525\u6eda\u5b50\u8f74\u627f-768x697.png",768,697,true],"large":["https:\/\/whjbearing.com\/wp-content\/uploads\/2025\/11\/\u63a8\u529b\u5706\u9525\u6eda\u5b50\u8f74\u627f.png",843,765,false],"1536x1536":["https:\/\/whjbearing.com\/wp-content\/uploads\/2025\/11\/\u63a8\u529b\u5706\u9525\u6eda\u5b50\u8f74\u627f.png",843,765,false],"2048x2048":["https:\/\/whjbearing.com\/wp-content\/uploads\/2025\/11\/\u63a8\u529b\u5706\u9525\u6eda\u5b50\u8f74\u627f.png",843,765,false],"trp-custom-language-flag":["https:\/\/whjbearing.com\/wp-content\/uploads\/2025\/11\/\u63a8\u529b\u5706\u9525\u6eda\u5b50\u8f74\u627f-13x12.png",13,12,true],"woocommerce_thumbnail":["https:\/\/whjbearing.com\/wp-content\/uploads\/2025\/11\/\u63a8\u529b\u5706\u9525\u6eda\u5b50\u8f74\u627f-500x500.png",500,500,true],"woocommerce_single":["https:\/\/whjbearing.com\/wp-content\/uploads\/2025\/11\/\u63a8\u529b\u5706\u9525\u6eda\u5b50\u8f74\u627f-600x544.png",600,544,true],"woocommerce_gallery_thumbnail":["https:\/\/whjbearing.com\/wp-content\/uploads\/2025\/11\/\u63a8\u529b\u5706\u9525\u6eda\u5b50\u8f74\u627f-100x100.png",100,100,true]},"uagb_author_info":{"display_name":"admin","author_link":"https:\/\/whjbearing.com\/eo\/author\/"},"uagb_comment_info":0,"uagb_excerpt":"Configuration of bolt-fixed bearings for rolling mills: Thrust tapered roller bearings are one of the structural types of thrust roller bearings. They are mainly composed of shaft rings, housing rings, tapered rollers and cages, and are divided into single-direction and double-direction types. The large end of the tapered rollers is spherical, and the rolling elements&hellip;","_links":{"self":[{"href":"https:\/\/whjbearing.com\/eo\/wp-json\/wp\/v2\/product\/2339","targetHints":{"allow":["GET"]}}],"collection":[{"href":"https:\/\/whjbearing.com\/eo\/wp-json\/wp\/v2\/product"}],"about":[{"href":"https:\/\/whjbearing.com\/eo\/wp-json\/wp\/v2\/types\/product"}],"wp:featuredmedia":[{"embeddable":true,"href":"https:\/\/whjbearing.com\/eo\/wp-json\/wp\/v2\/media\/2923"}],"wp:attachment":[{"href":"https:\/\/whjbearing.com\/eo\/wp-json\/wp\/v2\/media?parent=2339"}],"wp:term":[{"taxonomy":"product_brand","embeddable":true,"href":"https:\/\/whjbearing.com\/eo\/wp-json\/wp\/v2\/product_brand?post=2339"},{"taxonomy":"product_cat","embeddable":true,"href":"https:\/\/whjbearing.com\/eo\/wp-json\/wp\/v2\/product_cat?post=2339"},{"taxonomy":"product_tag","embeddable":true,"href":"https:\/\/whjbearing.com\/eo\/wp-json\/wp\/v2\/product_tag?post=2339"}],"curies":[{"name":"wp","href":"https:\/\/api.w.org\/{rel}","templated":true}]}}