{"id":1200,"date":"2025-08-03T02:40:11","date_gmt":"2025-08-03T02:40:11","guid":{"rendered":"https:\/\/indigo-stingray-900150.hostingersite.com\/?page_id=1200"},"modified":"2025-08-20T17:03:10","modified_gmt":"2025-08-20T09:03:10","slug":"solutions","status":"publish","type":"page","link":"https:\/\/whjbearing.com\/eo\/solutions\/","title":{"rendered":"Solutions"},"content":{"rendered":"<div data-elementor-type=\"wp-page\" data-elementor-id=\"1200\" class=\"elementor elementor-1200\" data-elementor-post-type=\"page\">\n\t\t\t\t<div class=\"elementor-element elementor-element-ea8225b e-con-full e-flex elementor-invisible e-con e-parent\" data-id=\"ea8225b\" data-element_type=\"container\" data-settings=\"{&quot;animation&quot;:&quot;slideInRight&quot;}\">\n\t\t\t\t<div class=\"elementor-element elementor-element-f6a4ade elementor-widget__width-initial elementor-widget elementor-widget-image\" data-id=\"f6a4ade\" data-element_type=\"widget\" data-widget_type=\"image.default\">\n\t\t\t\t<div class=\"elementor-widget-container\">\n\t\t\t\t\t\t\t\t\t\t\t\t\t\t\t<img fetchpriority=\"high\" decoding=\"async\" width=\"1920\" height=\"600\" src=\"https:\/\/whjbearing.com\/wp-content\/uploads\/2025\/08\/1-1.jpg\" class=\"attachment-full size-full wp-image-1438\" alt=\"\" srcset=\"https:\/\/whjbearing.com\/wp-content\/uploads\/2025\/08\/1-1.jpg 1920w, https:\/\/whjbearing.com\/wp-content\/uploads\/2025\/08\/1-1-600x188.jpg 600w, https:\/\/whjbearing.com\/wp-content\/uploads\/2025\/08\/1-1-300x94.jpg 300w, https:\/\/whjbearing.com\/wp-content\/uploads\/2025\/08\/1-1-1024x320.jpg 1024w, https:\/\/whjbearing.com\/wp-content\/uploads\/2025\/08\/1-1-768x240.jpg 768w, https:\/\/whjbearing.com\/wp-content\/uploads\/2025\/08\/1-1-1536x480.jpg 1536w, https:\/\/whjbearing.com\/wp-content\/uploads\/2025\/08\/1-1-18x6.jpg 18w\" sizes=\"(max-width: 1920px) 100vw, 1920px\" \/>\t\t\t\t\t\t\t\t\t\t\t\t\t\t\t<\/div>\n\t\t\t\t<\/div>\n\t\t\t\t<\/div>\n\t\t<div class=\"elementor-element elementor-element-27fa129 e-flex e-con-boxed e-con e-parent\" data-id=\"27fa129\" data-element_type=\"container\">\n\t\t\t\t\t<div class=\"e-con-inner\">\n\t\t\t\t<div class=\"elementor-element elementor-element-5076a54 elementor-widget elementor-widget-text-editor\" data-id=\"5076a54\" data-element_type=\"widget\" data-widget_type=\"text-editor.default\">\n\t\t\t\t<div class=\"elementor-widget-container\">\n\t\t\t\t\t\t\t\t\t<p>Kerna Valora Matrico - Pintteknologia platformo<\/p>\t\t\t\t\t\t\t\t<\/div>\n\t\t\t\t<\/div>\n\t\t\t\t<div class=\"elementor-element elementor-element-abf2a04 elementor-widget elementor-widget-text-editor\" data-id=\"abf2a04\" data-element_type=\"widget\" data-widget_type=\"text-editor.default\">\n\t\t\t\t<div class=\"elementor-widget-container\">\n\t\t\t\t\t\t\t\t\t<p><strong>Altpotenca Rapida \u015cargada Teknologio:<\/strong> Nia sendepende evoluigita molpaketa litiuma baterio subtenas 5C-rapidan \u015dar\u011dadon, atingante 85 % \u015dar\u011dan efikecon en 10 minutoj. \u011ci konservas kontinuan 5C-mal\u015dar\u011dan rendimenton \u0109e malaltaj temperaturoj de \u201355 \u00b0C kaj liveras 30C-mal\u015dar\u011dan kurenton \u0109e \u0109ambra temperaturo, kun iuj produktoj atingantaj 180C-mal\u015dar\u011dan kurenton. <br \/><strong>Ultra-longa cikla vivo:<\/strong> Post 2500 cikloj \u011di konservas pli ol 801 TP3T da kapacito, plenumante longtempajn operaciajn postulojn por agrikultura plantoprotekta ma\u015dinaro kaj robotaj potencaj sistemoj.<br \/><strong>Plurdimensia Sekureca Sistemo:<\/strong> Atestita la\u016d internaciaj normoj, inkluzive de UL1642\/CE\/IECQ\/ISO14001<\/p>\t\t\t\t\t\t\t\t<\/div>\n\t\t\t\t<\/div>\n\t\t\t\t\t<\/div>\n\t\t\t\t<\/div>\n\t\t<div class=\"elementor-element elementor-element-54cc8d1 e-con-full e-flex e-con e-parent\" data-id=\"54cc8d1\" data-element_type=\"container\">\n\t\t\t\t<div class=\"elementor-element elementor-element-2ac5b4e elementor-invisible elementor-widget elementor-widget-image\" data-id=\"2ac5b4e\" data-element_type=\"widget\" data-settings=\"{&quot;_animation&quot;:&quot;fadeIn&quot;}\" data-widget_type=\"image.default\">\n\t\t\t\t<div class=\"elementor-widget-container\">\n\t\t\t\t\t\t\t\t\t\t\t\t\t\t\t<img decoding=\"async\" width=\"1280\" height=\"960\" src=\"https:\/\/whjbearing.com\/wp-content\/uploads\/2025\/08\/AI\u65e0\u4eba\u673a.png\" class=\"attachment-full size-full wp-image-1460\" alt=\"\" srcset=\"https:\/\/whjbearing.com\/wp-content\/uploads\/2025\/08\/AI\u65e0\u4eba\u673a.png 1280w, https:\/\/whjbearing.com\/wp-content\/uploads\/2025\/08\/AI\u65e0\u4eba\u673a-600x450.png 600w, https:\/\/whjbearing.com\/wp-content\/uploads\/2025\/08\/AI\u65e0\u4eba\u673a-300x225.png 300w, https:\/\/whjbearing.com\/wp-content\/uploads\/2025\/08\/AI\u65e0\u4eba\u673a-1024x768.png 1024w, https:\/\/whjbearing.com\/wp-content\/uploads\/2025\/08\/AI\u65e0\u4eba\u673a-768x576.png 768w, https:\/\/whjbearing.com\/wp-content\/uploads\/2025\/08\/AI\u65e0\u4eba\u673a-16x12.png 16w\" sizes=\"(max-width: 1280px) 100vw, 1280px\" \/>\t\t\t\t\t\t\t\t\t\t\t\t\t\t\t<\/div>\n\t\t\t\t<\/div>\n\t\t\t\t<\/div>\n\t\t<div class=\"elementor-element elementor-element-55e6833 e-con-full e-flex e-con e-parent\" data-id=\"55e6833\" data-element_type=\"container\">\n\t\t\t\t<div class=\"elementor-element elementor-element-9456f72 elementor-invisible elementor-widget elementor-widget-image\" data-id=\"9456f72\" data-element_type=\"widget\" data-settings=\"{&quot;_animation&quot;:&quot;lightSpeedIn&quot;}\" data-widget_type=\"image.default\">\n\t\t\t\t<div class=\"elementor-widget-container\">\n\t\t\t\t\t\t\t\t\t\t\t\t\t\t\t<img decoding=\"async\" width=\"1350\" height=\"210\" src=\"https:\/\/whjbearing.com\/wp-content\/uploads\/2025\/08\/\u672a\u6807\u9898-1.jpg\" class=\"elementor-animation-shrink attachment-full size-full wp-image-1664\" alt=\"\" srcset=\"https:\/\/whjbearing.com\/wp-content\/uploads\/2025\/08\/\u672a\u6807\u9898-1.jpg 1350w, https:\/\/whjbearing.com\/wp-content\/uploads\/2025\/08\/\u672a\u6807\u9898-1-600x93.jpg 600w, https:\/\/whjbearing.com\/wp-content\/uploads\/2025\/08\/\u672a\u6807\u9898-1-300x47.jpg 300w, https:\/\/whjbearing.com\/wp-content\/uploads\/2025\/08\/\u672a\u6807\u9898-1-1024x159.jpg 1024w, https:\/\/whjbearing.com\/wp-content\/uploads\/2025\/08\/\u672a\u6807\u9898-1-768x119.jpg 768w, https:\/\/whjbearing.com\/wp-content\/uploads\/2025\/08\/\u672a\u6807\u9898-1-18x3.jpg 18w\" sizes=\"(max-width: 1350px) 100vw, 1350px\" \/>\t\t\t\t\t\t\t\t\t\t\t\t\t\t\t<\/div>\n\t\t\t\t<\/div>\n\t\t\t\t<\/div>\n\t\t\t\t<section class=\"elementor-section elementor-top-section elementor-element elementor-element-w1a41yf elementor-section-content-middle elementor-reverse-mobile elementor-section-boxed elementor-section-height-default elementor-section-height-default\" data-id=\"w1a41yf\" data-element_type=\"section\" data-settings=\"{&quot;background_background&quot;:&quot;classic&quot;}\">\n\t\t\t\t\t\t<div class=\"elementor-container elementor-column-gap-no\">\n\t\t\t\t\t<div class=\"elementor-column elementor-col-50 elementor-top-column elementor-element elementor-element-4292f5a\" data-id=\"4292f5a\" data-element_type=\"column\">\n\t\t\t<div class=\"elementor-widget-wrap elementor-element-populated\">\n\t\t\t\t\t\t<div class=\"elementor-element elementor-element-6d93f44 elementor-widget elementor-widget-image\" data-id=\"6d93f44\" data-element_type=\"widget\" data-widget_type=\"image.default\">\n\t\t\t\t<div class=\"elementor-widget-container\">\n\t\t\t\t\t\t\t\t\t\t\t\t\t\t\t<img decoding=\"async\" src=\"https:\/\/whjbearing.com\/wp-content\/uploads\/elementor\/thumbs\/16000389-1-r9xlshr6yi61hj2fby2j294nguts0gcfccchi7k55c.jpg\" title=\"vapori, elektronika cigaredo. malklara fono.\" alt=\"vape, electronic cigarette. blurred background. Popular smoking gadget to people who want to quit smoking nicotine cigarettes and start vaping safe glycerin vape.Trendy electronic cigarette or ecig.\" loading=\"lazy\" \/>\t\t\t\t\t\t\t\t\t\t\t\t\t\t\t<\/div>\n\t\t\t\t<\/div>\n\t\t\t\t\t<\/div>\n\t\t<\/div>\n\t\t\t\t<div class=\"elementor-column elementor-col-50 elementor-top-column elementor-element elementor-element-a8c8ff0\" data-id=\"a8c8ff0\" data-element_type=\"column\">\n\t\t\t<div class=\"elementor-widget-wrap elementor-element-populated\">\n\t\t\t\t\t\t<div class=\"elementor-element elementor-element-e8409da elementor-widget elementor-widget-text-editor\" data-id=\"e8409da\" data-element_type=\"widget\" data-widget_type=\"text-editor.default\">\n\t\t\t\t<div class=\"elementor-widget-container\">\n\t\t\t\t\t\t\t\t\t<p><strong>Aplika\u0135aj solvoj por e-cigareda baterio<\/strong><\/p><p class=\"title-heading-left\">Suna panelo: 6 pecoj po 550 W<\/p><p class=\"title-heading-left\">Suna Invertigilo: SUNON PRO 3.5KW Eksterreta<\/p><p class=\"title-heading-left\">Litia bateriaro: 5,12 kWh (1pc*24V200Ah)<\/p><p>PV-kablo 4MM2: 100 metroj<\/p><p>MC4-konektilo: 5 paroj<\/p><p>Garantio: 1 jaro<\/p>\t\t\t\t\t\t\t\t<\/div>\n\t\t\t\t<\/div>\n\t\t\t\t<section class=\"elementor-section elementor-inner-section elementor-element elementor-element-a893ccd elementor-section-boxed elementor-section-height-default elementor-section-height-default\" data-id=\"a893ccd\" data-element_type=\"section\">\n\t\t\t\t\t\t<div class=\"elementor-container elementor-column-gap-no\">\n\t\t\t\t\t<div class=\"elementor-column elementor-col-100 elementor-inner-column elementor-element elementor-element-6534f2c\" data-id=\"6534f2c\" data-element_type=\"column\">\n\t\t\t<div class=\"elementor-widget-wrap elementor-element-populated\">\n\t\t\t\t\t\t<div class=\"elementor-element elementor-element-fc9b946 elementor-widget elementor-widget-heading\" data-id=\"fc9b946\" data-element_type=\"widget\" data-widget_type=\"heading.default\">\n\t\t\t\t<div class=\"elementor-widget-container\">\n\t\t\t\t\t<h6 class=\"elementor-heading-title elementor-size-default\">Aplika\u0135aj solvoj por e-cigareda baterio<\/h6>\t\t\t\t<\/div>\n\t\t\t\t<\/div>\n\t\t\t\t<div class=\"elementor-element elementor-element-bcacf9d elementor-widget elementor-widget-button\" data-id=\"bcacf9d\" data-element_type=\"widget\" data-widget_type=\"button.default\">\n\t\t\t\t<div class=\"elementor-widget-container\">\n\t\t\t\t\t\t\t\t\t<div class=\"elementor-button-wrapper\">\n\t\t\t\t\t<a class=\"elementor-button elementor-button-link elementor-size-sm\" href=\"https:\/\/indigo-stingray-900150.hostingersite.com\/product-category\/products\/2\/222\/\">\n\t\t\t\t\t\t<span class=\"elementor-button-content-wrapper\">\n\t\t\t\t\t\t\t\t\t<span class=\"elementor-button-text\">Klaku \u0109i tie<\/span>\n\t\t\t\t\t<\/span>\n\t\t\t\t\t<\/a>\n\t\t\t\t<\/div>\n\t\t\t\t\t\t\t\t<\/div>\n\t\t\t\t<\/div>\n\t\t\t\t\t<\/div>\n\t\t<\/div>\n\t\t\t\t\t<\/div>\n\t\t<\/section>\n\t\t\t\t\t<\/div>\n\t\t<\/div>\n\t\t\t\t\t<\/div>\n\t\t<\/section>\n\t\t\t\t<section class=\"elementor-section elementor-top-section elementor-element elementor-element-d50pt7b elementor-section-content-middle elementor-reverse-mobile elementor-section-boxed elementor-section-height-default elementor-section-height-default\" data-id=\"d50pt7b\" data-element_type=\"section\" data-settings=\"{&quot;background_background&quot;:&quot;classic&quot;}\">\n\t\t\t\t\t\t<div class=\"elementor-container elementor-column-gap-no\">\n\t\t\t\t\t<div class=\"elementor-column elementor-col-50 elementor-top-column elementor-element elementor-element-9247ec0\" data-id=\"9247ec0\" data-element_type=\"column\">\n\t\t\t<div class=\"elementor-widget-wrap elementor-element-populated\">\n\t\t\t\t\t\t<div class=\"elementor-element elementor-element-aba5f59 elementor-widget elementor-widget-text-editor\" data-id=\"aba5f59\" data-element_type=\"widget\" data-widget_type=\"text-editor.default\">\n\t\t\t\t<div class=\"elementor-widget-container\">\n\t\t\t\t\t\t\t\t\t<p>Baterioj de inteligentaj porteblaj aparatoj<\/p><p class=\"title-heading-left\">Suna panelo: 8 pecoj*550W pecoj<\/p><p class=\"title-heading-left\">Suna Invertilo: SUNON PRO 5.5KW Eksterreta<\/p><p class=\"title-heading-left\">Litia bateriaro: 5,12 kWh (1 peco*24 V 200 Ah)<\/p><p>PV-kablo 4MM2: 100 metroj<\/p><p>MC4-konektilo: 5 paroj<\/p><p>Garantio: 1 jaro<\/p>\t\t\t\t\t\t\t\t<\/div>\n\t\t\t\t<\/div>\n\t\t\t\t<div class=\"elementor-element elementor-element-4806ae0 elementor-widget elementor-widget-button\" data-id=\"4806ae0\" data-element_type=\"widget\" data-widget_type=\"button.default\">\n\t\t\t\t<div class=\"elementor-widget-container\">\n\t\t\t\t\t\t\t\t\t<div class=\"elementor-button-wrapper\">\n\t\t\t\t\t<a class=\"elementor-button elementor-button-link elementor-size-sm\" href=\"https:\/\/indigo-stingray-900150.hostingersite.com\/product-category\/products\/3\/\" target=\"_blank\">\n\t\t\t\t\t\t<span class=\"elementor-button-content-wrapper\">\n\t\t\t\t\t\t\t\t\t<span class=\"elementor-button-text\">Klaku \u0109i tie<\/span>\n\t\t\t\t\t<\/span>\n\t\t\t\t\t<\/a>\n\t\t\t\t<\/div>\n\t\t\t\t\t\t\t\t<\/div>\n\t\t\t\t<\/div>\n\t\t\t\t\t<\/div>\n\t\t<\/div>\n\t\t\t\t<div class=\"elementor-column elementor-col-50 elementor-top-column elementor-element elementor-element-3bcc9c8\" data-id=\"3bcc9c8\" data-element_type=\"column\">\n\t\t\t<div class=\"elementor-widget-wrap elementor-element-populated\">\n\t\t\t\t\t\t<div class=\"elementor-element elementor-element-d2d69e7 elementor-widget elementor-widget-image\" data-id=\"d2d69e7\" data-element_type=\"widget\" data-widget_type=\"image.default\">\n\t\t\t\t<div class=\"elementor-widget-container\">\n\t\t\t\t\t\t\t\t\t\t\t\t\t\t\t<img decoding=\"async\" src=\"https:\/\/whjbearing.com\/wp-content\/uploads\/elementor\/thumbs\/amanz-1qTTfXgM54c-unsplash-scaled-r9nk0vvo53twnml11x4r67rfucj4ygix3gx3mvsiz4.jpg\" title=\"amanz-1qTTfXgM54c-unsplash\" alt=\"amanz-1qTTfXgM54c-unsplash\" loading=\"lazy\" \/>\t\t\t\t\t\t\t\t\t\t\t\t\t\t\t<\/div>\n\t\t\t\t<\/div>\n\t\t\t\t\t<\/div>\n\t\t<\/div>\n\t\t\t\t\t<\/div>\n\t\t<\/section>\n\t\t\t\t<section class=\"elementor-section elementor-top-section elementor-element elementor-element-4e6lfiw elementor-section-content-middle elementor-reverse-mobile elementor-section-boxed elementor-section-height-default elementor-section-height-default\" data-id=\"4e6lfiw\" data-element_type=\"section\" data-settings=\"{&quot;background_background&quot;:&quot;classic&quot;}\">\n\t\t\t\t\t\t<div class=\"elementor-container elementor-column-gap-no\">\n\t\t\t\t\t<div class=\"elementor-column elementor-col-50 elementor-top-column elementor-element elementor-element-79db928\" data-id=\"79db928\" data-element_type=\"column\" data-settings=\"{&quot;background_background&quot;:&quot;classic&quot;}\">\n\t\t\t<div class=\"elementor-widget-wrap elementor-element-populated\">\n\t\t\t\t\t\t<div class=\"elementor-element elementor-element-96d0ebe elementor-widget elementor-widget-image\" data-id=\"96d0ebe\" data-element_type=\"widget\" data-widget_type=\"image.default\">\n\t\t\t\t<div class=\"elementor-widget-container\">\n\t\t\t\t\t\t\t\t\t\t\t\t\t\t\t<img decoding=\"async\" src=\"https:\/\/whjbearing.com\/wp-content\/uploads\/elementor\/thumbs\/1111-scaled-ra6o3j1k00z2khubw60qmfhbgl6l8w9gqrs7p041sg.jpg\" title=\"1111\" alt=\"1111\" loading=\"lazy\" \/>\t\t\t\t\t\t\t\t\t\t\t\t\t\t\t<\/div>\n\t\t\t\t<\/div>\n\t\t\t\t\t<\/div>\n\t\t<\/div>\n\t\t\t\t<div class=\"elementor-column elementor-col-50 elementor-top-column elementor-element elementor-element-3e66579\" data-id=\"3e66579\" data-element_type=\"column\">\n\t\t\t<div class=\"elementor-widget-wrap elementor-element-populated\">\n\t\t\t\t\t\t<section class=\"elementor-section elementor-inner-section elementor-element elementor-element-c8c67ab elementor-section-boxed elementor-section-height-default elementor-section-height-default\" data-id=\"c8c67ab\" data-element_type=\"section\">\n\t\t\t\t\t\t<div class=\"elementor-container elementor-column-gap-no\">\n\t\t\t\t\t<div class=\"elementor-column elementor-col-100 elementor-inner-column elementor-element elementor-element-7c813f9\" data-id=\"7c813f9\" data-element_type=\"column\">\n\t\t\t<div class=\"elementor-widget-wrap elementor-element-populated\">\n\t\t\t\t\t\t<div class=\"elementor-element elementor-element-3bda911 elementor-widget elementor-widget-heading\" data-id=\"3bda911\" data-element_type=\"widget\" data-widget_type=\"heading.default\">\n\t\t\t\t<div class=\"elementor-widget-container\">\n\t\t\t\t\t<h5 class=\"elementor-heading-title elementor-size-default\">Dronaj baterioj<\/h5>\t\t\t\t<\/div>\n\t\t\t\t<\/div>\n\t\t\t\t<div class=\"elementor-element elementor-element-ab78d7d elementor-widget elementor-widget-text-editor\" data-id=\"ab78d7d\" data-element_type=\"widget\" data-widget_type=\"text-editor.default\">\n\t\t\t\t<div class=\"elementor-widget-container\">\n\t\t\t\t\t\t\t\t\t<p>Dronaj baterioj<\/p><p class=\"title-heading-left\">Suna panelo: 8 pecoj*550W pecoj<\/p><p class=\"title-heading-left\">Suna Invertilo: SUNON PRO 5.5KW Eksterreta<\/p><p class=\"title-heading-left\">Litia bateriaro: 5,12 kWh (1 peco*24 V 200 Ah)<\/p><p>PV-kablo 4MM2: 100 metroj<\/p><p>MC4-konektilo: 5 paroj<\/p><p>Garantio: 1 jaro<\/p>\t\t\t\t\t\t\t\t<\/div>\n\t\t\t\t<\/div>\n\t\t\t\t<div class=\"elementor-element elementor-element-d3fbae6 elementor-widget elementor-widget-button\" data-id=\"d3fbae6\" data-element_type=\"widget\" data-widget_type=\"button.default\">\n\t\t\t\t<div class=\"elementor-widget-container\">\n\t\t\t\t\t\t\t\t\t<div class=\"elementor-button-wrapper\">\n\t\t\t\t\t<a class=\"elementor-button elementor-button-link elementor-size-sm\" href=\"https:\/\/indigo-stingray-900150.hostingersite.com\/product-category\/products\/1\/\" target=\"_blank\">\n\t\t\t\t\t\t<span class=\"elementor-button-content-wrapper\">\n\t\t\t\t\t\t\t\t\t<span class=\"elementor-button-text\">Klaku \u0109i tie<\/span>\n\t\t\t\t\t<\/span>\n\t\t\t\t\t<\/a>\n\t\t\t\t<\/div>\n\t\t\t\t\t\t\t\t<\/div>\n\t\t\t\t<\/div>\n\t\t\t\t\t<\/div>\n\t\t<\/div>\n\t\t\t\t\t<\/div>\n\t\t<\/section>\n\t\t\t\t\t<\/div>\n\t\t<\/div>\n\t\t\t\t\t<\/div>\n\t\t<\/section>\n\t\t\t\t<section class=\"elementor-section elementor-top-section elementor-element elementor-element-ba69b40 elementor-section-content-middle elementor-reverse-mobile elementor-section-boxed elementor-section-height-default elementor-section-height-default\" data-id=\"ba69b40\" data-element_type=\"section\" data-settings=\"{&quot;background_background&quot;:&quot;classic&quot;}\">\n\t\t\t\t\t\t<div class=\"elementor-container elementor-column-gap-no\">\n\t\t\t\t\t<div class=\"elementor-column elementor-col-50 elementor-top-column elementor-element elementor-element-b2162f5\" data-id=\"b2162f5\" data-element_type=\"column\">\n\t\t\t<div class=\"elementor-widget-wrap elementor-element-populated\">\n\t\t\t\t\t\t<div class=\"elementor-element elementor-element-8cb68b0 elementor-widget elementor-widget-text-editor\" data-id=\"8cb68b0\" data-element_type=\"widget\" data-widget_type=\"text-editor.default\">\n\t\t\t\t<div class=\"elementor-widget-container\">\n\t\t\t\t\t\t\t\t\t<p>Parkumaj baterioj<\/p><p class=\"title-heading-left\">&gt; sdfsdfsdf<\/p><p class=\"title-heading-left\">Ssdfsdfsdfsdf<\/p><p class=\"title-heading-left\">Litsdfsdf<\/p><p>PV-kablo 4MM2: 100 metroj<\/p><p>MC4sdfsdf<\/p><p>Wasdfsdf<\/p>\t\t\t\t\t\t\t\t<\/div>\n\t\t\t\t<\/div>\n\t\t\t\t<div class=\"elementor-element elementor-element-1868484 elementor-widget elementor-widget-button\" data-id=\"1868484\" data-element_type=\"widget\" data-widget_type=\"button.default\">\n\t\t\t\t<div class=\"elementor-widget-container\">\n\t\t\t\t\t\t\t\t\t<div class=\"elementor-button-wrapper\">\n\t\t\t\t\t<a class=\"elementor-button elementor-button-link elementor-size-sm\" href=\"https:\/\/indigo-stingray-900150.hostingersite.com\/product\/truck-start-battery\/\" target=\"_blank\">\n\t\t\t\t\t\t<span class=\"elementor-button-content-wrapper\">\n\t\t\t\t\t\t\t\t\t<span class=\"elementor-button-text\">Klaku \u0109i tie<\/span>\n\t\t\t\t\t<\/span>\n\t\t\t\t\t<\/a>\n\t\t\t\t<\/div>\n\t\t\t\t\t\t\t\t<\/div>\n\t\t\t\t<\/div>\n\t\t\t\t\t<\/div>\n\t\t<\/div>\n\t\t\t\t<div class=\"elementor-column elementor-col-50 elementor-top-column elementor-element elementor-element-bb126c5\" data-id=\"bb126c5\" data-element_type=\"column\">\n\t\t\t<div class=\"elementor-widget-wrap elementor-element-populated\">\n\t\t\t\t\t\t<div class=\"elementor-element elementor-element-9782ce6 elementor-widget elementor-widget-image\" data-id=\"9782ce6\" data-element_type=\"widget\" data-widget_type=\"image.default\">\n\t\t\t\t<div class=\"elementor-widget-container\">\n\t\t\t\t\t\t\t\t\t\t\t\t\t\t\t<img loading=\"lazy\" decoding=\"async\" width=\"2560\" height=\"1707\" src=\"https:\/\/whjbearing.com\/wp-content\/uploads\/2025\/08\/DSC_0053-HDR-scaled.jpg\" class=\"attachment-full size-full wp-image-1890\" alt=\"\" srcset=\"https:\/\/whjbearing.com\/wp-content\/uploads\/2025\/08\/DSC_0053-HDR-scaled.jpg 2560w, https:\/\/whjbearing.com\/wp-content\/uploads\/2025\/08\/DSC_0053-HDR-scaled-600x400.jpg 600w, https:\/\/whjbearing.com\/wp-content\/uploads\/2025\/08\/DSC_0053-HDR-300x200.jpg 300w, https:\/\/whjbearing.com\/wp-content\/uploads\/2025\/08\/DSC_0053-HDR-1024x683.jpg 1024w, https:\/\/whjbearing.com\/wp-content\/uploads\/2025\/08\/DSC_0053-HDR-768x512.jpg 768w, https:\/\/whjbearing.com\/wp-content\/uploads\/2025\/08\/DSC_0053-HDR-1536x1024.jpg 1536w, https:\/\/whjbearing.com\/wp-content\/uploads\/2025\/08\/DSC_0053-HDR-2048x1365.jpg 2048w, https:\/\/whjbearing.com\/wp-content\/uploads\/2025\/08\/DSC_0053-HDR-18x12.jpg 18w\" sizes=\"(max-width: 2560px) 100vw, 2560px\" \/>\t\t\t\t\t\t\t\t\t\t\t\t\t\t\t<\/div>\n\t\t\t\t<\/div>\n\t\t\t\t\t<\/div>\n\t\t<\/div>\n\t\t\t\t\t<\/div>\n\t\t<\/section>\n\t\t\t\t<\/div>","protected":false},"excerpt":{"rendered":"<p>Core Value Matrix-Cutting-edge Technology Platform High-Power Fast Charging Technology: Our independently developed soft-pack lithium battery supports 5C fast charging capability, [&hellip;]<\/p>","protected":false},"author":1,"featured_media":0,"parent":0,"menu_order":0,"comment_status":"closed","ping_status":"closed","template":"","meta":{"_uag_custom_page_level_css":"","site-sidebar-layout":"no-sidebar","site-content-layout":"","ast-site-content-layout":"full-width-container","site-content-style":"default","site-sidebar-style":"default","ast-global-header-display":"","ast-banner-title-visibility":"","ast-main-header-display":"","ast-hfb-above-header-display":"","ast-hfb-below-header-display":"","ast-hfb-mobile-header-display":"","site-post-title":"disabled","ast-breadcrumbs-content":"","ast-featured-img":"disabled","footer-sml-layout":"","theme-transparent-header-meta":"","adv-header-id-meta":"","stick-header-meta":"","header-above-stick-meta":"","header-main-stick-meta":"","header-below-stick-meta":"","astra-migrate-meta-layouts":"default","ast-page-background-enabled":"default","ast-page-background-meta":{"desktop":{"background-color":"var(--ast-global-color-4)","background-image":"","background-repeat":"repeat","background-position":"center center","background-size":"auto","background-attachment":"scroll","background-type":"","background-media":"","overlay-type":"","overlay-color":"","overlay-opacity":"","overlay-gradient":""},"tablet":{"background-color":"","background-image":"","background-repeat":"repeat","background-position":"center center","background-size":"auto","background-attachment":"scroll","background-type":"","background-media":"","overlay-type":"","overlay-color":"","overlay-opacity":"","overlay-gradient":""},"mobile":{"background-color":"","background-image":"","background-repeat":"repeat","background-position":"center center","background-size":"auto","background-attachment":"scroll","background-type":"","background-media":"","overlay-type":"","overlay-color":"","overlay-opacity":"","overlay-gradient":""}},"ast-content-background-meta":{"desktop":{"background-color":"var(--ast-global-color-5)","background-image":"","background-repeat":"repeat","background-position":"center center","background-size":"auto","background-attachment":"scroll","background-type":"","background-media":"","overlay-type":"","overlay-color":"","overlay-opacity":"","overlay-gradient":""},"tablet":{"background-color":"var(--ast-global-color-5)","background-image":"","background-repeat":"repeat","background-position":"center center","background-size":"auto","background-attachment":"scroll","background-type":"","background-media":"","overlay-type":"","overlay-color":"","overlay-opacity":"","overlay-gradient":""},"mobile":{"background-color":"var(--ast-global-color-5)","background-image":"","background-repeat":"repeat","background-position":"center center","background-size":"auto","background-attachment":"scroll","background-type":"","background-media":"","overlay-type":"","overlay-color":"","overlay-opacity":"","overlay-gradient":""}},"footnotes":""},"class_list":["post-1200","page","type-page","status-publish","hentry"],"uagb_featured_image_src":{"full":false,"thumbnail":false,"medium":false,"medium_large":false,"large":false,"1536x1536":false,"2048x2048":false,"trp-custom-language-flag":false,"woocommerce_thumbnail":false,"woocommerce_single":false,"woocommerce_gallery_thumbnail":false},"uagb_author_info":{"display_name":"WESbattery","author_link":"https:\/\/whjbearing.com\/eo\/author\/cbyflyoutlook-com\/"},"uagb_comment_info":0,"uagb_excerpt":"Core Value Matrix-Cutting-edge Technology Platform High-Power Fast Charging Technology: Our independently developed soft-pack lithium battery supports 5C fast charging capability, [&hellip;]","_links":{"self":[{"href":"https:\/\/whjbearing.com\/eo\/wp-json\/wp\/v2\/pages\/1200","targetHints":{"allow":["GET"]}}],"collection":[{"href":"https:\/\/whjbearing.com\/eo\/wp-json\/wp\/v2\/pages"}],"about":[{"href":"https:\/\/whjbearing.com\/eo\/wp-json\/wp\/v2\/types\/page"}],"author":[{"embeddable":true,"href":"https:\/\/whjbearing.com\/eo\/wp-json\/wp\/v2\/users\/1"}],"replies":[{"embeddable":true,"href":"https:\/\/whjbearing.com\/eo\/wp-json\/wp\/v2\/comments?post=1200"}],"version-history":[{"count":0,"href":"https:\/\/whjbearing.com\/eo\/wp-json\/wp\/v2\/pages\/1200\/revisions"}],"wp:attachment":[{"href":"https:\/\/whjbearing.com\/eo\/wp-json\/wp\/v2\/media?parent=1200"}],"curies":[{"name":"wp","href":"https:\/\/api.w.org\/{rel}","templated":true}]}}