{"id":2339,"date":"2025-08-27T11:01:52","date_gmt":"2025-08-27T03:01:52","guid":{"rendered":"https:\/\/grey-owl-546900.hostingersite.com\/?post_type=product&#038;p=2339"},"modified":"2025-11-17T12:55:31","modified_gmt":"2025-11-17T04:55:31","slug":"thrust-tapered-roller-bearing","status":"publish","type":"product","link":"https:\/\/whjbearing.com\/de\/produkt\/thrust-tapered-roller-bearing\/","title":{"rendered":"Axial-Kegelrollenlager"},"content":{"rendered":"<table width=\"927\">\n<tbody>\n<tr>\n<td colspan=\"7\" width=\"460\">Grenzabmessungen<\/td>\n<td colspan=\"2\" width=\"183\">Basie Belastungswerte<\/td>\n<td colspan=\"2\" width=\"201\">Lagernummern<\/td>\n<td colspan=\"2\" width=\"82\">Masse<\/td>\n<\/tr>\n<tr>\n<td><\/td>\n<td><\/td>\n<td><\/td>\n<td><\/td>\n<td><\/td>\n<td><\/td>\n<td><\/td>\n<td><\/td>\n<td><\/td>\n<td>\u65b0\u4ee3\u53f7<\/td>\n<td>\u65e7\u4ee3\u53f7<\/td>\n<td colspan=\"2\">\u53c2\u8003<\/td>\n<\/tr>\n<tr>\n<td>d<\/td>\n<td>D<\/td>\n<td>H<\/td>\n<td>d1<\/td>\n<td>D1<\/td>\n<td>r1.2min<\/td>\n<td>r3.4min<\/td>\n<td>Ca<\/td>\n<td>Coa<\/td>\n<td>Neu<\/td>\n<td>Alte<\/td>\n<td colspan=\"2\">Siehe.<\/td>\n<\/tr>\n<tr>\n<td><\/td>\n<td><\/td>\n<td><\/td>\n<td><\/td>\n<td><\/td>\n<td><\/td>\n<td><\/td>\n<td><\/td>\n<td><\/td>\n<td><\/td>\n<td><\/td>\n<td><\/td>\n<td><\/td>\n<\/tr>\n<tr>\n<td>170<\/td>\n<td>340<\/td>\n<td>103<\/td>\n<td>174<\/td>\n<td>335<\/td>\n<td>5<\/td>\n<td>5<\/td>\n<td>1520<\/td>\n<td>2630<\/td>\n<td>99434<\/td>\n<td>9019434<\/td>\n<td><\/td>\n<td>58<\/td>\n<\/tr>\n<tr>\n<td><\/td>\n<td><\/td>\n<td><\/td>\n<td><\/td>\n<td><\/td>\n<td><\/td>\n<td><\/td>\n<td><\/td>\n<td><\/td>\n<td><\/td>\n<td><\/td>\n<td><\/td>\n<td><\/td>\n<\/tr>\n<tr>\n<td>260<\/td>\n<td>480<\/td>\n<td>132<\/td>\n<td>265<\/td>\n<td>475<\/td>\n<td>6<\/td>\n<td>6<\/td>\n<td>2540<\/td>\n<td>11300<\/td>\n<td>99452<\/td>\n<td>9019452<\/td>\n<td><\/td>\n<td>111<\/td>\n<\/tr>\n<tr>\n<td><\/td>\n<td><\/td>\n<td><\/td>\n<td><\/td>\n<td><\/td>\n<td><\/td>\n<td><\/td>\n<td><\/td>\n<td><\/td>\n<td><\/td>\n<td><\/td>\n<td><\/td>\n<td><\/td>\n<\/tr>\n<tr>\n<td>280<\/td>\n<td>520<\/td>\n<td>145<\/td>\n<td>285<\/td>\n<td>515<\/td>\n<td>6<\/td>\n<td>6<\/td>\n<td>2930<\/td>\n<td>13300<\/td>\n<td>99456<\/td>\n<td>9019456<\/td>\n<td><\/td>\n<td>143.8<\/td>\n<\/tr>\n<tr>\n<td><\/td>\n<td><\/td>\n<td><\/td>\n<td><\/td>\n<td><\/td>\n<td><\/td>\n<td><\/td>\n<td><\/td>\n<td><\/td>\n<td><\/td>\n<td><\/td>\n<td><\/td>\n<td><\/td>\n<\/tr>\n<tr>\n<td>320<\/td>\n<td>580<\/td>\n<td>155<\/td>\n<td>325<\/td>\n<td>575<\/td>\n<td>7.5<\/td>\n<td>7.5<\/td>\n<td>3700<\/td>\n<td>17500<\/td>\n<td>99464<\/td>\n<td>9019464<\/td>\n<td><\/td>\n<td>194<\/td>\n<\/tr>\n<tr>\n<td><\/td>\n<td><\/td>\n<td><\/td>\n<td><\/td>\n<td><\/td>\n<td><\/td>\n<td><\/td>\n<td><\/td>\n<td><\/td>\n<td><\/td>\n<td><\/td>\n<td><\/td>\n<td><\/td>\n<\/tr>\n<tr>\n<td>380<\/td>\n<td>670<\/td>\n<td>175<\/td>\n<td>385<\/td>\n<td>665<\/td>\n<td>7.5<\/td>\n<td>7.5<\/td>\n<td>5040<\/td>\n<td>10400<\/td>\n<td>99476<\/td>\n<td>9019476<\/td>\n<td><\/td>\n<td>254<\/td>\n<\/tr>\n<\/tbody>\n<\/table>","protected":false},"excerpt":{"rendered":"<p>Konfiguration von schraubenfixierten Lagern f\u00fcr Walzwerke:<\/p>\n<p>Axial-Kegelrollenlager sind eine der Bauarten von Axial-Rollenlagern. Sie bestehen haupts\u00e4chlich aus Wellenringen, Geh\u00e4useringen, Kegelrollen und K\u00e4figen und werden in einseitig und zweiseitig wirkende Typen unterteilt. Das gro\u00dfe Ende der Kegelrollen ist kugelf\u00f6rmig, und die W\u00e4lzk\u00f6rper und die Laufbahn-Generatrix \u00fcberschneiden sich in der Achse, um eine reine Rollbewegung zu erreichen. Die separate Struktur ist einfach zu installieren. Dieses Lager kann hohen axialen Belastungen standhalten, ist unempfindlich gegen\u00fcber Sto\u00dfbelastungen und hat eine hohe Steifigkeit. Es wird h\u00e4ufig in bolzenbefestigten Konfigurationen f\u00fcr Walzwerke, Kranhaken und Drehgelenke von \u00d6lbohranlagen verwendet. Die Konstruktion verwendet eine logarithmische Kontaktgeneratrix, um die Spannungsverteilung zu optimieren. Die Grenzdrehzahl ist h\u00f6her als die von Axial-Zylinderrollenlagern. Die Au\u00dfenabmessungen sind meist nicht genormt. Die aktuelle Norm, auf die Bezug genommen werden kann, ist GB\/T 4663-1994 [1]. Das Produkt umfasst eine vollrollige Struktur, die mit Schrauben befestigt ist und eine spezielle Konfiguration bildet. Die Toleranz entspricht der Norm GB\/T307.4. WJZW und andere Hersteller produzieren zweiseitig wirkende Kegelrollenlager, die in Verbindung mit mehrreihigen Zylinderrollenlagern verwendet werden k\u00f6nnen. Die kugelf\u00f6rmige Laufbahnkonstruktion gleicht die Winkelverschiebung des Walzenzapfens aus.<\/p>\n<p>Merkmale: Dieser Lagertyp wird in verschraubten Lagerkonfigurationen f\u00fcr Walzwerke verwendet. WJZW-Axial-Kegelrollenlager haben logarithmische Kontaktprofile zwischen den Laufbahnen und Rollen, die eine optimale Spannungsverteilung im Lager gew\u00e4hrleisten und somit die Lebensdauer verl\u00e4ngern.<\/p>\n<p>Aufbau: Da es sich bei den W\u00e4lzk\u00f6rpern in Axialkegelrollenlagern um Kegelrollen handelt, laufen die Rollfl\u00e4chen und die Laufbahnfl\u00e4chen der Scheiben strukturell alle in einem Punkt auf der Lagerachse zusammen. Daher k\u00f6nnen die Rollfl\u00e4chen eine reine Rollbewegung ausf\u00fchren, was zu einer h\u00f6heren Grenzdrehzahl f\u00fchrt als bei Axial-Zylinderrollenlagern.<\/p>\n<p>Aufgrund des begrenzten Produktionsvolumens von Axialkegelrollenlagern sind die meisten der von verschiedenen Herstellern produzierten Modelle nicht genormt. Serien mit Standardgr\u00f6\u00dfen werden in kleineren St\u00fcckzahlen produziert, daher gibt es derzeit keine nationale Norm f\u00fcr die Abmessungen dieser Art von Lagern. Die verf\u00fcgbare Norm ist GB\/T 4663-1994. [1]<\/p>\n<p>Konstruktion und Einbau: Das WJZW-Axial-Kegelrollenlager mit K\u00e4fig ist eine zerlegbare Konstruktion, die einen einfachen separaten Einbau der beiden Scheiben, Rollen und des Axial-K\u00e4figsatzes erm\u00f6glicht. Das vollrollige Bolzen-Set-Lager wird durch spezielle Positionierungskomponenten zusammengehalten, und die Unterlegscheiben haben Gewindel\u00f6cher f\u00fcr Hebebolzen, um den Betrieb zu vereinfachen.<\/p>\n<p>Im Folgenden wird beschrieben:<\/p>\n<p>I. Kleine einseitig wirkende Axial-Kegelrollenlager werden fast ausschlie\u00dflich in Achsschenkellagern von Nutzfahrzeugen verwendet. Diese Lager haben volle Rollen und sind mit einer d\u00fcnnen Stahlabdeckung gesichert. Die meisten dieser Lager sind mit verschlei\u00dffesten, \u00f6lbest\u00e4ndigen Nitrilkautschuk (NBR)-Reibdichtungen ausgestattet. Diese Lager sind auf Lebensdauer mit Mehrzweckfett geschmiert und ben\u00f6tigen keine Wartung. Es sind verschiedene Ausf\u00fchrungen erh\u00e4ltlich, die sich nur in der Ausf\u00fchrung des Lagergeh\u00e4uselaufs und des Lagerdeckels unterscheiden.<\/p>\n<p>Gr\u00f6\u00dfere Einweg-Lagerscheiben werden unterschiedlich hergestellt; einige Lagerscheiben sind in ihrer Gr\u00f6\u00dfe identisch mit dem Laufring des Lagergeh\u00e4uses, w\u00e4hrend andere eine andere Konstruktion aufweisen.<\/p>\n<p>Unterlegscheiben mit identischen Abmessungen wie der Laufring des Lagergeh\u00e4uses haben alle eine kegelf\u00f6rmige Laufbahn und einen Feststellflansch. Dieser Lagertyp wird h\u00e4ufig in Anwendungen eingesetzt, die hohe Axiallasten erfordern, wie z. B. bei Drehkr\u00e4nzen von Bohrger\u00e4ten oder Kranhaken. Dieses Lager ist mit einem K\u00e4fig ausgestattet und wird durch zwei Unterlegscheiben positioniert.<\/p>\n<p>Andere Lagerkonstruktionen haben Wellenscheiben mit kegelf\u00f6rmigen Laufbahnen und Aufnahmeflanschen, w\u00e4hrend die Laufbahnen des Lagergeh\u00e4uses flach sind. Daher kann diese Konstruktion eine leichte Exzentrizit\u00e4t der Welle im Verh\u00e4ltnis zur Geh\u00e4usebohrung tolerieren, ohne die Lagerleistung zu beeintr\u00e4chtigen. Mit Ausnahme einiger weniger Gr\u00f6\u00dfen mit durchgehenden Rollen haben diese Lager einen zu den Rollen konzentrischen K\u00e4fig.<\/p>\n<p>II. Zweirichtungs-Axialkegelrollenlager werden haupts\u00e4chlich in Walzwerken neben mehrreihigen Zylinderrollenlagern eingesetzt. Dieser Lagertyp mit flachen Wellenscheiben ist beliebter, weil er eine leichte Exzentrizit\u00e4t der Welle gegen\u00fcber der Geh\u00e4usebohrung sowie leichte Schwankungen der Radialluft, die bei Radiallagern verwendet werden, tolerieren kann. Zwischen den beiden Laufringen des Lagergeh\u00e4uses befindet sich eine Distanzh\u00fclse. Die Distanzh\u00fclse ist so bemessen, dass die Geh\u00e4useschrauben des W\u00e4lzlagers vollst\u00e4ndig angezogen werden k\u00f6nnen, und das Lager ben\u00f6tigt keine speziellen Federn zur Einstellung.<\/p>\n<p>Beidseitig wirkendes Axial-Kegelrollenlager mit kegeligen Laufbahnen sowohl auf der Welle als auch auf den Lagergeh\u00e4uselaufbahnen. Im Allgemeinen hat diese Art von Axialkegelrollenlager eine h\u00f6here axiale Tragf\u00e4higkeit als Lager mit flachen Lagergeh\u00e4usen und kann eine gewisse radiale Positionierung der Welle erm\u00f6glichen. Wenn die Tragf\u00e4higkeit dieses Lagertyps in Anbetracht der geforderten Lebensdauer nicht ausreicht, kann ein zweireihiges Kegelrollenlager mit einem gro\u00dfen Druckwinkel verwendet werden, das von TDIS entwickelt wurde; siehe \"Zweireihige Kegelrollenlager\".<\/p>\n<p>Da zweiseitig wirkende Axialkegelrollenlager in der Regel mit losem Sitz auf dem Walzenzapfen und dem Walzenlagergeh\u00e4use eingebaut werden, haben die meisten Lagergeh\u00e4use eine oder zwei Feststellnuten. Dies erm\u00f6glicht die Verwendung von Passfedern oder \u00e4hnlichen Methoden, die in den Feststellnuten eingebettet sind, um zu verhindern, dass sich das Geh\u00e4use auf der Welle dreht.<\/p>\n<p>III. Diese Art von Axialkegelrollenlager muss extrem hohen Axiallasten standhalten und eine Winkelverschiebung der Gewindewelle gegen\u00fcber dem Tr\u00e4ger erm\u00f6glichen. Daher handelt es sich bei diesem Lagertyp in der Regel um vollrollige Lager mit Rollen gro\u00dfen Durchmessers und besonders langer L\u00e4nge. Um Fluchtungsfehler des W\u00e4lzlagergeh\u00e4uses ohne Beeintr\u00e4chtigung der Lagerleistung auszugleichen, hat dieser Lagertyp einen kugelf\u00f6rmigen Geh\u00e4usering. Dieser Geh\u00e4usering kann entweder der Wellengeh\u00e4usering oder der Lagergeh\u00e4usering sein.<\/p>\n<p>Bei Lagern mit einem sph\u00e4rischen Lagergeh\u00e4use und einer dazugeh\u00f6rigen konkaven sph\u00e4rischen Gewindewelle oder einem Druckst\u00fcck entsteht ein notwendiger Fluchtungsfehler am Rollensystem zwischen dem sph\u00e4rischen Lagergeh\u00e4use und dem entsprechenden Druckst\u00fcck. WJZW liefert auch die vorgenannten Druckumlenkungen.<\/p>\n<p>Wenn der Lagergeh\u00e4usering kugelf\u00f6rmig ist, wird die Fluchtungsabweichung von der Rollenanordnung zwischen dem Lagergeh\u00e4usering und dem Druckst\u00fcck aufgenommen. Das Druckst\u00fcck f\u00fcr diese Art von Lager wird normalerweise mit dem Lager geliefert.<\/p>\n<p>WJZW stellt eine Vielzahl von geschraubten Lagerausf\u00fchrungen her, die auf die spezifischen Anforderungen bestimmter Anwendungen zugeschnitten sind.<\/p>","protected":false},"featured_media":2923,"template":"","meta":{"_uag_custom_page_level_css":"","site-sidebar-layout":"default","site-content-layout":"","ast-site-content-layout":"default","site-content-style":"default","site-sidebar-style":"default","ast-global-header-display":"","ast-banner-title-visibility":"","ast-main-header-display":"","ast-hfb-above-header-display":"","ast-hfb-below-header-display":"","ast-hfb-mobile-header-display":"","site-post-title":"","ast-breadcrumbs-content":"","ast-featured-img":"","footer-sml-layout":"","theme-transparent-header-meta":"default","adv-header-id-meta":"","stick-header-meta":"default","header-above-stick-meta":"","header-main-stick-meta":"","header-below-stick-meta":"","astra-migrate-meta-layouts":"set","ast-page-background-enabled":"default","ast-page-background-meta":{"desktop":{"background-color":"var(--ast-global-color-4)","background-image":"","background-repeat":"repeat","background-position":"center center","background-size":"auto","background-attachment":"scroll","background-type":"","background-media":"","overlay-type":"","overlay-color":"","overlay-opacity":"","overlay-gradient":""},"tablet":{"background-color":"","background-image":"","background-repeat":"repeat","background-position":"center center","background-size":"auto","background-attachment":"scroll","background-type":"","background-media":"","overlay-type":"","overlay-color":"","overlay-opacity":"","overlay-gradient":""},"mobile":{"background-color":"","background-image":"","background-repeat":"repeat","background-position":"center center","background-size":"auto","background-attachment":"scroll","background-type":"","background-media":"","overlay-type":"","overlay-color":"","overlay-opacity":"","overlay-gradient":""}},"ast-content-background-meta":{"desktop":{"background-color":"var(--ast-global-color-5)","background-image":"","background-repeat":"repeat","background-position":"center center","background-size":"auto","background-attachment":"scroll","background-type":"","background-media":"","overlay-type":"","overlay-color":"","overlay-opacity":"","overlay-gradient":""},"tablet":{"background-color":"var(--ast-global-color-5)","background-image":"","background-repeat":"repeat","background-position":"center center","background-size":"auto","background-attachment":"scroll","background-type":"","background-media":"","overlay-type":"","overlay-color":"","overlay-opacity":"","overlay-gradient":""},"mobile":{"background-color":"var(--ast-global-color-5)","background-image":"","background-repeat":"repeat","background-position":"center center","background-size":"auto","background-attachment":"scroll","background-type":"","background-media":"","overlay-type":"","overlay-color":"","overlay-opacity":"","overlay-gradient":""}}},"product_brand":[98],"product_cat":[15,96],"product_tag":[119,118],"class_list":{"0":"post-2339","1":"product","2":"type-product","3":"status-publish","4":"has-post-thumbnail","6":"product_brand-wjzw","7":"product_cat-products","8":"product_cat-thrust-tapered-roller-bearing","9":"product_tag-tapered-thrust-roller-bearign","10":"product_tag-thrust-tapered-roller-bearing","11":"desktop-align-center","12":"tablet-align-center","13":"mobile-align-center","14":"ast-product-gallery-layout-horizontal-slider","15":"ast-magnify-disabled","16":"ast-product-tabs-layout-horizontal","18":"first","19":"instock","20":"sale","21":"shipping-taxable","22":"purchasable","23":"product-type-simple"},"uagb_featured_image_src":{"full":["https:\/\/whjbearing.com\/wp-content\/uploads\/2025\/11\/\u63a8\u529b\u5706\u9525\u6eda\u5b50\u8f74\u627f.png",843,765,false],"thumbnail":["https:\/\/whjbearing.com\/wp-content\/uploads\/2025\/11\/\u63a8\u529b\u5706\u9525\u6eda\u5b50\u8f74\u627f-150x150.png",150,150,true],"medium":["https:\/\/whjbearing.com\/wp-content\/uploads\/2025\/11\/\u63a8\u529b\u5706\u9525\u6eda\u5b50\u8f74\u627f-300x272.png",300,272,true],"medium_large":["https:\/\/whjbearing.com\/wp-content\/uploads\/2025\/11\/\u63a8\u529b\u5706\u9525\u6eda\u5b50\u8f74\u627f-768x697.png",768,697,true],"large":["https:\/\/whjbearing.com\/wp-content\/uploads\/2025\/11\/\u63a8\u529b\u5706\u9525\u6eda\u5b50\u8f74\u627f.png",843,765,false],"1536x1536":["https:\/\/whjbearing.com\/wp-content\/uploads\/2025\/11\/\u63a8\u529b\u5706\u9525\u6eda\u5b50\u8f74\u627f.png",843,765,false],"2048x2048":["https:\/\/whjbearing.com\/wp-content\/uploads\/2025\/11\/\u63a8\u529b\u5706\u9525\u6eda\u5b50\u8f74\u627f.png",843,765,false],"trp-custom-language-flag":["https:\/\/whjbearing.com\/wp-content\/uploads\/2025\/11\/\u63a8\u529b\u5706\u9525\u6eda\u5b50\u8f74\u627f-13x12.png",13,12,true],"woocommerce_thumbnail":["https:\/\/whjbearing.com\/wp-content\/uploads\/2025\/11\/\u63a8\u529b\u5706\u9525\u6eda\u5b50\u8f74\u627f-500x500.png",500,500,true],"woocommerce_single":["https:\/\/whjbearing.com\/wp-content\/uploads\/2025\/11\/\u63a8\u529b\u5706\u9525\u6eda\u5b50\u8f74\u627f-600x544.png",600,544,true],"woocommerce_gallery_thumbnail":["https:\/\/whjbearing.com\/wp-content\/uploads\/2025\/11\/\u63a8\u529b\u5706\u9525\u6eda\u5b50\u8f74\u627f-100x100.png",100,100,true]},"uagb_author_info":{"display_name":"admin","author_link":"https:\/\/whjbearing.com\/de\/author\/"},"uagb_comment_info":0,"uagb_excerpt":"Configuration of bolt-fixed bearings for rolling mills: Thrust tapered roller bearings are one of the structural types of thrust roller bearings. They are mainly composed of shaft rings, housing rings, tapered rollers and cages, and are divided into single-direction and double-direction types. The large end of the tapered rollers is spherical, and the rolling elements&hellip;","_links":{"self":[{"href":"https:\/\/whjbearing.com\/de\/wp-json\/wp\/v2\/product\/2339","targetHints":{"allow":["GET"]}}],"collection":[{"href":"https:\/\/whjbearing.com\/de\/wp-json\/wp\/v2\/product"}],"about":[{"href":"https:\/\/whjbearing.com\/de\/wp-json\/wp\/v2\/types\/product"}],"wp:featuredmedia":[{"embeddable":true,"href":"https:\/\/whjbearing.com\/de\/wp-json\/wp\/v2\/media\/2923"}],"wp:attachment":[{"href":"https:\/\/whjbearing.com\/de\/wp-json\/wp\/v2\/media?parent=2339"}],"wp:term":[{"taxonomy":"product_brand","embeddable":true,"href":"https:\/\/whjbearing.com\/de\/wp-json\/wp\/v2\/product_brand?post=2339"},{"taxonomy":"product_cat","embeddable":true,"href":"https:\/\/whjbearing.com\/de\/wp-json\/wp\/v2\/product_cat?post=2339"},{"taxonomy":"product_tag","embeddable":true,"href":"https:\/\/whjbearing.com\/de\/wp-json\/wp\/v2\/product_tag?post=2339"}],"curies":[{"name":"wp","href":"https:\/\/api.w.org\/{rel}","templated":true}]}}