{"id":548,"date":"2025-07-25T18:55:54","date_gmt":"2025-07-25T18:55:54","guid":{"rendered":"https:\/\/indigo-stingray-900150.hostingersite.com\/about-us\/"},"modified":"2025-11-24T13:58:46","modified_gmt":"2025-11-24T05:58:46","slug":"about-us","status":"publish","type":"page","link":"https:\/\/whjbearing.com\/de\/about-us\/","title":{"rendered":"\u00dcber uns"},"content":{"rendered":"<div data-elementor-type=\"wp-page\" data-elementor-id=\"548\" class=\"elementor elementor-548\" data-elementor-post-type=\"page\">\n\t\t\t\t<div class=\"elementor-element elementor-element-fe73672 e-con-full e-flex e-con e-parent\" data-id=\"fe73672\" data-element_type=\"container\">\n\t\t\t\t<div class=\"elementor-element elementor-element-0ce70f8 elementor-widget elementor-widget-image\" data-id=\"0ce70f8\" data-element_type=\"widget\" data-widget_type=\"image.default\">\n\t\t\t\t<div class=\"elementor-widget-container\">\n\t\t\t\t\t\t\t\t\t\t\t\t\t\t\t<img fetchpriority=\"high\" decoding=\"async\" width=\"1925\" height=\"803\" src=\"https:\/\/whjbearing.com\/wp-content\/uploads\/2025\/11\/\u6a2a\u5e4510.png\" class=\"attachment-full size-full wp-image-3104\" alt=\"\" srcset=\"https:\/\/whjbearing.com\/wp-content\/uploads\/2025\/11\/\u6a2a\u5e4510.png 1925w, https:\/\/whjbearing.com\/wp-content\/uploads\/2025\/11\/\u6a2a\u5e4510-300x125.png 300w, https:\/\/whjbearing.com\/wp-content\/uploads\/2025\/11\/\u6a2a\u5e4510-1024x427.png 1024w, https:\/\/whjbearing.com\/wp-content\/uploads\/2025\/11\/\u6a2a\u5e4510-768x320.png 768w, https:\/\/whjbearing.com\/wp-content\/uploads\/2025\/11\/\u6a2a\u5e4510-1536x641.png 1536w, https:\/\/whjbearing.com\/wp-content\/uploads\/2025\/11\/\u6a2a\u5e4510-18x8.png 18w, https:\/\/whjbearing.com\/wp-content\/uploads\/2025\/11\/\u6a2a\u5e4510-600x250.png 600w\" sizes=\"(max-width: 1925px) 100vw, 1925px\" \/>\t\t\t\t\t\t\t\t\t\t\t\t\t\t\t<\/div>\n\t\t\t\t<\/div>\n\t\t\t\t<\/div>\n\t\t<div class=\"elementor-element elementor-element-2e4c076 e-flex e-con-boxed e-con e-parent\" data-id=\"2e4c076\" data-element_type=\"container\">\n\t\t\t\t\t<div class=\"e-con-inner\">\n\t\t\t\t<div class=\"elementor-element elementor-element-36d76fd elementor-widget elementor-widget-heading\" data-id=\"36d76fd\" data-element_type=\"widget\" data-widget_type=\"heading.default\">\n\t\t\t\t<div class=\"elementor-widget-container\">\n\t\t\t\t\t<h3 class=\"elementor-heading-title elementor-size-default\">\u00dcber WJZW<\/h3>\t\t\t\t<\/div>\n\t\t\t\t<\/div>\n\t\t\t\t<div class=\"elementor-element elementor-element-83c7188 elementor-widget-divider--view-line elementor-widget elementor-widget-divider\" data-id=\"83c7188\" data-element_type=\"widget\" data-widget_type=\"divider.default\">\n\t\t\t\t<div class=\"elementor-widget-container\">\n\t\t\t\t\t\t\t<div class=\"elementor-divider\">\n\t\t\t<span class=\"elementor-divider-separator\">\n\t\t\t\t\t\t<\/span>\n\t\t<\/div>\n\t\t\t\t\t\t<\/div>\n\t\t\t\t<\/div>\n\t\t\t\t\t<\/div>\n\t\t\t\t<\/div>\n\t\t<div class=\"elementor-element elementor-element-71489bf e-flex e-con-boxed e-con e-parent\" data-id=\"71489bf\" data-element_type=\"container\">\n\t\t\t\t\t<div class=\"e-con-inner\">\n\t\t\t\t<div class=\"elementor-element elementor-element-863ce0e elementor-widget elementor-widget-text-editor\" data-id=\"863ce0e\" data-element_type=\"widget\" data-widget_type=\"text-editor.default\">\n\t\t\t\t<div class=\"elementor-widget-container\">\n\t\t\t\t\t\t\t\t\t<p>Die 2002 gegr\u00fcndete WJZW-Fabrik hat sich nach 23 Jahren Erfahrung in der Lagerindustrie von einem Zulieferer zu einer Fabrik mit eigener Marke entwickelt. Das Werk verf\u00fcgt \u00fcber Schmiede-, Bearbeitungs-, Schleif-, Montage- und Zahnradbearbeitungswerkst\u00e4tten. Von anf\u00e4nglich 12 Mitarbeitern ist das Unternehmen auf 45 Besch\u00e4ftigte angewachsen und erwirtschaftet einen Jahresumsatz von \u00fcber 30 Millionen RMB. Das Unternehmen verf\u00fcgt \u00fcber 20 Bearbeitungszentren, 20 Schleifmaschinen und 6 Ultrapr\u00e4zisionsmaschinen. Zu den gro\u00dfen Bearbeitungsmaschinen geh\u00f6ren zwei 1,6-Meter-Vertikaldrehmaschinen und zwei 2-Meter-Schleifmaschinen. Der Gr\u00f6\u00dfenbereich der Lagerproduktion hat sich von 200 mm auf bis zu 2000 mm erweitert. Produkttypen: Pendelrollenlager, Zylinderrollenlager, Kegelrollenlager, Axialrollenlager, etc. Unsere Produkte sind weit verbreitet in metallurgischen Walzwerken, Bergbaubrechern, Kugelm\u00fchlen, Vibrationssieben, Tunnelbohrmaschinen, Kohlekraftm\u00fchlen, Kohlebergbaumaschinen sowie in Getrieben und Untersetzungsgetrieben f\u00fcr schwere Ausr\u00fcstung. Derzeit werden unsere Produkte nicht nur auf dem heimischen Markt, sondern auch in viele L\u00e4nder weltweit exportiert, darunter S\u00fcdostasien, Europa, die Vereinigten Staaten, Kanada und Australien.<\/p><p>\u00a0<\/p><p><img decoding=\"async\" class=\"alignnone size-full wp-image-3112\" src=\"https:\/\/whjbearing.com\/wp-content\/uploads\/2025\/11\/working-room-1.png\" alt=\"\" width=\"1780\" height=\"918\" srcset=\"https:\/\/whjbearing.com\/wp-content\/uploads\/2025\/11\/working-room-1.png 1780w, https:\/\/whjbearing.com\/wp-content\/uploads\/2025\/11\/working-room-1-300x155.png 300w, https:\/\/whjbearing.com\/wp-content\/uploads\/2025\/11\/working-room-1-1024x528.png 1024w, https:\/\/whjbearing.com\/wp-content\/uploads\/2025\/11\/working-room-1-768x396.png 768w, https:\/\/whjbearing.com\/wp-content\/uploads\/2025\/11\/working-room-1-1536x792.png 1536w, https:\/\/whjbearing.com\/wp-content\/uploads\/2025\/11\/working-room-1-18x9.png 18w, https:\/\/whjbearing.com\/wp-content\/uploads\/2025\/11\/working-room-1-600x309.png 600w\" sizes=\"(max-width: 1780px) 100vw, 1780px\" \/><\/p><p>\u00a0<\/p><p><img decoding=\"async\" class=\"alignnone size-full wp-image-3113\" src=\"https:\/\/whjbearing.com\/wp-content\/uploads\/2025\/11\/working-room-2.png\" alt=\"\" width=\"1853\" height=\"837\" srcset=\"https:\/\/whjbearing.com\/wp-content\/uploads\/2025\/11\/working-room-2.png 1853w, https:\/\/whjbearing.com\/wp-content\/uploads\/2025\/11\/working-room-2-300x136.png 300w, https:\/\/whjbearing.com\/wp-content\/uploads\/2025\/11\/working-room-2-1024x463.png 1024w, https:\/\/whjbearing.com\/wp-content\/uploads\/2025\/11\/working-room-2-768x347.png 768w, https:\/\/whjbearing.com\/wp-content\/uploads\/2025\/11\/working-room-2-1536x694.png 1536w, https:\/\/whjbearing.com\/wp-content\/uploads\/2025\/11\/working-room-2-18x8.png 18w, https:\/\/whjbearing.com\/wp-content\/uploads\/2025\/11\/working-room-2-600x271.png 600w\" sizes=\"(max-width: 1853px) 100vw, 1853px\" \/><\/p><p><img loading=\"lazy\" decoding=\"async\" class=\"alignnone size-full wp-image-3114\" src=\"https:\/\/whjbearing.com\/wp-content\/uploads\/2025\/11\/packing.png\" alt=\"\" width=\"1806\" height=\"1009\" srcset=\"https:\/\/whjbearing.com\/wp-content\/uploads\/2025\/11\/packing.png 1806w, https:\/\/whjbearing.com\/wp-content\/uploads\/2025\/11\/packing-300x168.png 300w, https:\/\/whjbearing.com\/wp-content\/uploads\/2025\/11\/packing-1024x572.png 1024w, https:\/\/whjbearing.com\/wp-content\/uploads\/2025\/11\/packing-768x429.png 768w, https:\/\/whjbearing.com\/wp-content\/uploads\/2025\/11\/packing-1536x858.png 1536w, https:\/\/whjbearing.com\/wp-content\/uploads\/2025\/11\/packing-18x10.png 18w, https:\/\/whjbearing.com\/wp-content\/uploads\/2025\/11\/packing-600x335.png 600w\" sizes=\"(max-width: 1806px) 100vw, 1806px\" \/><\/p><p>\u00a0<\/p>\t\t\t\t\t\t\t\t<\/div>\n\t\t\t\t<\/div>\n\t\t\t\t\t<\/div>\n\t\t\t\t<\/div>\n\t\t<div class=\"elementor-element elementor-element-40186a8 e-flex e-con-boxed e-con e-parent\" data-id=\"40186a8\" data-element_type=\"container\">\n\t\t\t\t\t<div class=\"e-con-inner\">\n\t\t\t\t<div class=\"elementor-element elementor-element-610c5b0 elementor-widget elementor-widget-heading\" data-id=\"610c5b0\" data-element_type=\"widget\" data-widget_type=\"heading.default\">\n\t\t\t\t<div class=\"elementor-widget-container\">\n\t\t\t\t\t<h3 class=\"elementor-heading-title elementor-size-default\">Anmeldung <\/h3>\t\t\t\t<\/div>\n\t\t\t\t<\/div>\n\t\t\t\t<div class=\"elementor-element elementor-element-05744e4 elementor-widget-divider--view-line elementor-widget elementor-widget-divider\" data-id=\"05744e4\" data-element_type=\"widget\" data-widget_type=\"divider.default\">\n\t\t\t\t<div class=\"elementor-widget-container\">\n\t\t\t\t\t\t\t<div class=\"elementor-divider\">\n\t\t\t<span class=\"elementor-divider-separator\">\n\t\t\t\t\t\t<\/span>\n\t\t<\/div>\n\t\t\t\t\t\t<\/div>\n\t\t\t\t<\/div>\n\t\t\t\t<div class=\"elementor-element elementor-element-e9bd7d2 elementor-widget elementor-widget-text-editor\" data-id=\"e9bd7d2\" data-element_type=\"widget\" data-widget_type=\"text-editor.default\">\n\t\t\t\t<div class=\"elementor-widget-container\">\n\t\t\t\t\t\t\t\t\t<p><b>Besondere Merkmale von geteilten Stranggussrollenlagern <\/b><\/p><p><b>einfache Montage und Demontage, insbesondere bei langen Rollenmittelteilen <\/b><\/p><p><b>selbstausrichtende F\u00e4higkeit zum Ausgleich von Ausrichtungsfehlern bei starker Belastung. <\/b><\/p><p><b>Multi-Labyrinth-Dichtung mit kompakter Bauweise. <\/b><\/p><p><b>hochsteifes gedrehtes Lagergeh\u00e4use mit Wasserk\u00fchlung und <\/b><\/p><p><b>Schmierbohrungen.<\/b><\/p>\t\t\t\t\t\t\t\t<\/div>\n\t\t\t\t<\/div>\n\t\t\t\t\t<\/div>\n\t\t\t\t<\/div>\n\t\t<div class=\"elementor-element elementor-element-7eeb0a5 e-flex e-con-boxed e-con e-parent\" data-id=\"7eeb0a5\" data-element_type=\"container\">\n\t\t\t\t\t<div class=\"e-con-inner\">\n\t\t\t\t<div class=\"elementor-element elementor-element-18bfc4c elementor-widget elementor-widget-image\" data-id=\"18bfc4c\" data-element_type=\"widget\" data-widget_type=\"image.default\">\n\t\t\t\t<div class=\"elementor-widget-container\">\n\t\t\t\t\t\t\t\t\t\t\t\t\t\t\t<img loading=\"lazy\" decoding=\"async\" width=\"1977\" height=\"981\" src=\"https:\/\/whjbearing.com\/wp-content\/uploads\/2025\/11\/application-2.png\" class=\"attachment-full size-full wp-image-3047\" alt=\"application 2\" srcset=\"https:\/\/whjbearing.com\/wp-content\/uploads\/2025\/11\/application-2.png 1977w, https:\/\/whjbearing.com\/wp-content\/uploads\/2025\/11\/application-2-300x149.png 300w, https:\/\/whjbearing.com\/wp-content\/uploads\/2025\/11\/application-2-1024x508.png 1024w, https:\/\/whjbearing.com\/wp-content\/uploads\/2025\/11\/application-2-768x381.png 768w, https:\/\/whjbearing.com\/wp-content\/uploads\/2025\/11\/application-2-1536x762.png 1536w, https:\/\/whjbearing.com\/wp-content\/uploads\/2025\/11\/application-2-18x9.png 18w, https:\/\/whjbearing.com\/wp-content\/uploads\/2025\/11\/application-2-600x298.png 600w\" sizes=\"(max-width: 1977px) 100vw, 1977px\" \/>\t\t\t\t\t\t\t\t\t\t\t\t\t\t\t<\/div>\n\t\t\t\t<\/div>\n\t\t\t\t\t<\/div>\n\t\t\t\t<\/div>\n\t\t<div class=\"elementor-element elementor-element-662b975 e-flex e-con-boxed e-con e-parent\" data-id=\"662b975\" data-element_type=\"container\">\n\t\t\t\t\t<div class=\"e-con-inner\">\n\t\t\t\t<div class=\"elementor-element elementor-element-8025853 elementor-widget elementor-widget-image\" data-id=\"8025853\" data-element_type=\"widget\" data-widget_type=\"image.default\">\n\t\t\t\t<div class=\"elementor-widget-container\">\n\t\t\t\t\t\t\t\t\t\t\t\t\t\t\t<img loading=\"lazy\" decoding=\"async\" width=\"1965\" height=\"1072\" src=\"https:\/\/whjbearing.com\/wp-content\/uploads\/2025\/11\/application-4.png\" class=\"attachment-full size-full wp-image-3043\" alt=\"application 4\" srcset=\"https:\/\/whjbearing.com\/wp-content\/uploads\/2025\/11\/application-4.png 1965w, https:\/\/whjbearing.com\/wp-content\/uploads\/2025\/11\/application-4-300x164.png 300w, https:\/\/whjbearing.com\/wp-content\/uploads\/2025\/11\/application-4-1024x559.png 1024w, https:\/\/whjbearing.com\/wp-content\/uploads\/2025\/11\/application-4-768x419.png 768w, https:\/\/whjbearing.com\/wp-content\/uploads\/2025\/11\/application-4-1536x838.png 1536w, https:\/\/whjbearing.com\/wp-content\/uploads\/2025\/11\/application-4-18x10.png 18w, https:\/\/whjbearing.com\/wp-content\/uploads\/2025\/11\/application-4-600x327.png 600w\" sizes=\"(max-width: 1965px) 100vw, 1965px\" \/>\t\t\t\t\t\t\t\t\t\t\t\t\t\t\t<\/div>\n\t\t\t\t<\/div>\n\t\t\t\t\t<\/div>\n\t\t\t\t<\/div>\n\t\t\t\t<\/div>","protected":false},"excerpt":{"rendered":"<p>About WJZW Established in 2002, WJZW factory has grown from a subcontractor\u00a0 to a factory with its own brand after [&hellip;]<\/p>","protected":false},"author":1,"featured_media":0,"parent":0,"menu_order":3,"comment_status":"closed","ping_status":"closed","template":"","meta":{"_uag_custom_page_level_css":"","site-sidebar-layout":"no-sidebar","site-content-layout":"","ast-site-content-layout":"full-width-container","site-content-style":"default","site-sidebar-style":"default","ast-global-header-display":"","ast-banner-title-visibility":"","ast-main-header-display":"","ast-hfb-above-header-display":"","ast-hfb-below-header-display":"","ast-hfb-mobile-header-display":"","site-post-title":"disabled","ast-breadcrumbs-content":"","ast-featured-img":"disabled","footer-sml-layout":"","theme-transparent-header-meta":"enabled","adv-header-id-meta":"","stick-header-meta":"","header-above-stick-meta":"","header-main-stick-meta":"","header-below-stick-meta":"","astra-migrate-meta-layouts":"default","ast-page-background-enabled":"default","ast-page-background-meta":{"desktop":{"background-color":"var(--ast-global-color-4)","background-image":"","background-repeat":"repeat","background-position":"center center","background-size":"auto","background-attachment":"scroll","background-type":"","background-media":"","overlay-type":"","overlay-color":"","overlay-opacity":"","overlay-gradient":""},"tablet":{"background-color":"","background-image":"","background-repeat":"repeat","background-position":"center center","background-size":"auto","background-attachment":"scroll","background-type":"","background-media":"","overlay-type":"","overlay-color":"","overlay-opacity":"","overlay-gradient":""},"mobile":{"background-color":"","background-image":"","background-repeat":"repeat","background-position":"center center","background-size":"auto","background-attachment":"scroll","background-type":"","background-media":"","overlay-type":"","overlay-color":"","overlay-opacity":"","overlay-gradient":""}},"ast-content-background-meta":{"desktop":{"background-color":"var(--ast-global-color-5)","background-image":"","background-repeat":"repeat","background-position":"center center","background-size":"auto","background-attachment":"scroll","background-type":"","background-media":"","overlay-type":"","overlay-color":"","overlay-opacity":"","overlay-gradient":""},"tablet":{"background-color":"var(--ast-global-color-5)","background-image":"","background-repeat":"repeat","background-position":"center center","background-size":"auto","background-attachment":"scroll","background-type":"","background-media":"","overlay-type":"","overlay-color":"","overlay-opacity":"","overlay-gradient":""},"mobile":{"background-color":"var(--ast-global-color-5)","background-image":"","background-repeat":"repeat","background-position":"center center","background-size":"auto","background-attachment":"scroll","background-type":"","background-media":"","overlay-type":"","overlay-color":"","overlay-opacity":"","overlay-gradient":""}},"footnotes":""},"class_list":["post-548","page","type-page","status-publish","hentry"],"uagb_featured_image_src":{"full":false,"thumbnail":false,"medium":false,"medium_large":false,"large":false,"1536x1536":false,"2048x2048":false,"trp-custom-language-flag":false,"woocommerce_thumbnail":false,"woocommerce_single":false,"woocommerce_gallery_thumbnail":false},"uagb_author_info":{"display_name":"WESbattery","author_link":"https:\/\/whjbearing.com\/de\/author\/cbyflyoutlook-com\/"},"uagb_comment_info":0,"uagb_excerpt":"About WJZW Established in 2002, WJZW factory has grown from a subcontractor\u00a0 to a factory with its own brand after [&hellip;]","_links":{"self":[{"href":"https:\/\/whjbearing.com\/de\/wp-json\/wp\/v2\/pages\/548","targetHints":{"allow":["GET"]}}],"collection":[{"href":"https:\/\/whjbearing.com\/de\/wp-json\/wp\/v2\/pages"}],"about":[{"href":"https:\/\/whjbearing.com\/de\/wp-json\/wp\/v2\/types\/page"}],"author":[{"embeddable":true,"href":"https:\/\/whjbearing.com\/de\/wp-json\/wp\/v2\/users\/1"}],"replies":[{"embeddable":true,"href":"https:\/\/whjbearing.com\/de\/wp-json\/wp\/v2\/comments?post=548"}],"version-history":[{"count":0,"href":"https:\/\/whjbearing.com\/de\/wp-json\/wp\/v2\/pages\/548\/revisions"}],"wp:attachment":[{"href":"https:\/\/whjbearing.com\/de\/wp-json\/wp\/v2\/media?parent=548"}],"curies":[{"name":"wp","href":"https:\/\/api.w.org\/{rel}","templated":true}]}}